{"id":2869,"date":"2024-05-21T10:29:13","date_gmt":"2024-05-21T02:29:13","guid":{"rendered":"https:\/\/smacodive.de\/?post_type=product&#038;p=2869"},"modified":"2025-10-18T16:02:46","modified_gmt":"2025-10-18T08:02:46","slug":"smaco-s400-1l-mini-tauchflasche","status":"publish","type":"product","link":"https:\/\/smacodive.de\/de\/shop\/bausatz\/smaco-s400-1l-mini-tauchflasche\/","title":{"rendered":"SMACO S400 Mini-Tauchflasche (1L)"},"content":{"rendered":"<h2>MACO S400 Tauchflasche 1L:<\/h2>\n<p>&nbsp;<\/p>\n<p><b>H\u00f6hepunkte auf einen Blick:<\/b><\/p>\n<ul>\n<li>\u2713 <b>Bis zu 20 Min. an der Luft:<\/b> Erf\u00fcllt alle europ\u00e4ischen Normen, gefertigt aus 6061-Luftfahrtaluminium.<\/li>\n<li>\ud83d\udee1\ufe0f <b>CE-zertifiziert Sicherheit:<\/b> Mit einem Gewicht von nur [Gewicht einf\u00fcgen] kg ist der S400 kaum gr\u00f6\u00dfer als eine Wasserflasche.<\/li>\n<li>\u2708\ufe0f <b>Kompakt und reisefreudig:<\/b> Erf\u00fcllt alle europ\u00e4ischen Sicherheitsstandards, hergestellt aus 6061er Luftfahrt-Aluminium.<\/li>\n<li><b>\u00dcberall nachf\u00fcllen:<\/b> Verwenden Sie die Handpumpe, den Kompressor oder die Tauchflasche.<\/li>\n<\/ul>\n<div class=\"detailmodule_text-image\" data-sanitized-data-mce-style=\"text-align: left;\">\n<p>Nachf\u00fcllzeit der verschiedenen Arten:<\/p>\n<div class=\"detailmodule_text-image\" data-sanitized-data-mce-style=\"text-align: left;\"><strong>Hohe Handpumpe<\/strong>\u00a0Manuelles Pumpen bis zu 1000-1200 Mal.<\/div>\n<div class=\"detailmodule_text-image\" data-sanitized-data-mce-style=\"text-align: left;\"><strong>Nachf\u00fclladapter<\/strong> Gro\u00dfe Flaschen f\u00fchren Fl\u00e4schchen, f\u00fcllen sich in etwa 10 Sekunden.<\/div>\n<div class=\"detailmodule_text-image\" data-sanitized-data-mce-style=\"text-align: left;\"><strong>SMACO Elektronische Pumpe<\/strong>\u00a0Plug-and-Play-Bef\u00fcllung in etwa 26 Minuten.<\/div>\n<\/div>\n<div id=\"image-wrapper\" class=\"w-full max-w-screen-xl m-auto dark:bg-[#101014] p-4\">\n<div class=\"n-auto-complete\">\n<h2>Produktparameter:<\/h2>\n<\/div>\n<\/div>\n<table class=\"woocommerce-product-attributes shop_attributes\">\n<tbody>\n<tr class=\"woocommerce-product-attributes-item woocommerce-product-attributes-item--attribute_capacity\">\n<th class=\"woocommerce-product-attributes-item__label\">Kapazit\u00e4t<\/th>\n<td class=\"woocommerce-product-attributes-item__value\">1L<\/td>\n<\/tr>\n<tr class=\"woocommerce-product-attributes-item woocommerce-product-attributes-item--attribute_using-time\">\n<th class=\"woocommerce-product-attributes-item__label\">Die Zeit nutzen<\/th>\n<td class=\"woocommerce-product-attributes-item__value\">10-15 Minuten<\/td>\n<\/tr>\n<tr class=\"woocommerce-product-attributes-item woocommerce-product-attributes-item--attribute_n-w\">\n<th class=\"woocommerce-product-attributes-item__label\">N.W<\/th>\n<td class=\"woocommerce-product-attributes-item__value\">2.072kg<\/td>\n<\/tr>\n<tr class=\"woocommerce-product-attributes-item woocommerce-product-attributes-item--attribute_size\">\n<th class=\"woocommerce-product-attributes-item__label\">Gr\u00f6\u00dfe<\/th>\n<td class=\"woocommerce-product-attributes-item__value\">36 \u00d7 7,6 \u00d7 8,9 cm<\/td>\n<\/tr>\n<tr class=\"woocommerce-product-attributes-item woocommerce-product-attributes-item--attribute_color\">\n<th class=\"woocommerce-product-attributes-item__label\">Farbe<\/th>\n<td class=\"woocommerce-product-attributes-item__value\">gr\u00fcn, schwarz<\/td>\n<\/tr>\n<\/tbody>\n<\/table>\n<p>&nbsp;<\/p>\n<p><img loading=\"lazy\" decoding=\"async\" class=\"alignnone wp-image-3081 size-full\" src=\"https:\/\/smacodive.de\/wp-content\/uploads\/2024\/05\/SMACO-S400-Black-A1.jpg\" alt=\"\" width=\"1000\" height=\"1000\" srcset=\"https:\/\/smacodive.de\/wp-content\/uploads\/2024\/05\/SMACO-S400-Black-A1.jpg 1000w, https:\/\/smacodive.de\/wp-content\/uploads\/2024\/05\/SMACO-S400-Black-A1-300x300.jpg 300w, https:\/\/smacodive.de\/wp-content\/uploads\/2024\/05\/SMACO-S400-Black-A1-150x150.jpg 150w, https:\/\/smacodive.de\/wp-content\/uploads\/2024\/05\/SMACO-S400-Black-A1-768x768.jpg 768w, https:\/\/smacodive.de\/wp-content\/uploads\/2024\/05\/SMACO-S400-Black-A1-12x12.jpg 12w, https:\/\/smacodive.de\/wp-content\/uploads\/2024\/05\/SMACO-S400-Black-A1-600x600.jpg 600w, https:\/\/smacodive.de\/wp-content\/uploads\/2024\/05\/SMACO-S400-Black-A1-100x100.jpg 100w, https:\/\/smacodive.de\/wp-content\/uploads\/2024\/05\/SMACO-S400-Black-A1-1x1.jpg 1w, https:\/\/smacodive.de\/wp-content\/uploads\/2024\/05\/SMACO-S400-Black-A1-10x10.jpg 10w\" sizes=\"auto, (max-width: 1000px) 100vw, 1000px\" \/><\/p>\n<p><img loading=\"lazy\" decoding=\"async\" class=\"alignnone wp-image-3376 size-full\" src=\"https:\/\/smacodive.de\/wp-content\/uploads\/2024\/05\/SMACO-S400-1.jpg\" alt=\"SMACO S400\" width=\"1000\" height=\"1333\" srcset=\"https:\/\/smacodive.de\/wp-content\/uploads\/2024\/05\/SMACO-S400-1.jpg 1000w, https:\/\/smacodive.de\/wp-content\/uploads\/2024\/05\/SMACO-S400-1-225x300.jpg 225w, https:\/\/smacodive.de\/wp-content\/uploads\/2024\/05\/SMACO-S400-1-768x1024.jpg 768w, https:\/\/smacodive.de\/wp-content\/uploads\/2024\/05\/SMACO-S400-1-9x12.jpg 9w, https:\/\/smacodive.de\/wp-content\/uploads\/2024\/05\/SMACO-S400-1-600x800.jpg 600w, https:\/\/smacodive.de\/wp-content\/uploads\/2024\/05\/SMACO-S400-1-1x1.jpg 1w, https:\/\/smacodive.de\/wp-content\/uploads\/2024\/05\/SMACO-S400-1-8x10.jpg 8w\" sizes=\"auto, (max-width: 1000px) 100vw, 1000px\" \/><\/p>\n<p><img loading=\"lazy\" decoding=\"async\" class=\"alignnone wp-image-3390 size-full\" src=\"https:\/\/smacodive.de\/wp-content\/uploads\/2024\/05\/SMACO-400PLUGS.jpg\" alt=\"\" width=\"1000\" height=\"1071\" srcset=\"https:\/\/smacodive.de\/wp-content\/uploads\/2024\/05\/SMACO-400PLUGS.jpg 1000w, https:\/\/smacodive.de\/wp-content\/uploads\/2024\/05\/SMACO-400PLUGS-280x300.jpg 280w, https:\/\/smacodive.de\/wp-content\/uploads\/2024\/05\/SMACO-400PLUGS-956x1024.jpg 956w, https:\/\/smacodive.de\/wp-content\/uploads\/2024\/05\/SMACO-400PLUGS-768x823.jpg 768w, https:\/\/smacodive.de\/wp-content\/uploads\/2024\/05\/SMACO-400PLUGS-11x12.jpg 11w, https:\/\/smacodive.de\/wp-content\/uploads\/2024\/05\/SMACO-400PLUGS-600x643.jpg 600w, https:\/\/smacodive.de\/wp-content\/uploads\/2024\/05\/SMACO-400PLUGS-1x1.jpg 1w, https:\/\/smacodive.de\/wp-content\/uploads\/2024\/05\/SMACO-400PLUGS-10x10.jpg 10w\" sizes=\"auto, (max-width: 1000px) 100vw, 1000px\" \/><\/p>\n<p>&nbsp;<\/p>\n<p><img loading=\"lazy\" decoding=\"async\" class=\"alignnone wp-image-3362 size-full\" src=\"https:\/\/smacodive.de\/wp-content\/uploads\/2023\/09\/common-page.jpg\" alt=\"smaco an Bord\" width=\"1000\" height=\"1000\" srcset=\"https:\/\/smacodive.de\/wp-content\/uploads\/2023\/09\/common-page.jpg 1000w, https:\/\/smacodive.de\/wp-content\/uploads\/2023\/09\/common-page-300x300.jpg 300w, https:\/\/smacodive.de\/wp-content\/uploads\/2023\/09\/common-page-150x150.jpg 150w, https:\/\/smacodive.de\/wp-content\/uploads\/2023\/09\/common-page-768x768.jpg 768w, https:\/\/smacodive.de\/wp-content\/uploads\/2023\/09\/common-page-12x12.jpg 12w, https:\/\/smacodive.de\/wp-content\/uploads\/2023\/09\/common-page-600x600.jpg 600w, https:\/\/smacodive.de\/wp-content\/uploads\/2023\/09\/common-page-100x100.jpg 100w, https:\/\/smacodive.de\/wp-content\/uploads\/2023\/09\/common-page-1x1.jpg 1w, https:\/\/smacodive.de\/wp-content\/uploads\/2023\/09\/common-page-10x10.jpg 10w\" sizes=\"auto, (max-width: 1000px) 100vw, 1000px\" \/><\/p>\n<p>Diese Mini-Tauchflasche wurde f\u00fcr den sicheren Einsatz in Tiefen bis zu 10 Metern (ca. 33 Fu\u00df) entwickelt. Ihre Vielseitigkeit macht sie zum idealen Begleiter f\u00fcr zahlreiche Eins\u00e4tze im Flachwasser:<\/p>\n<ul>\n<li>Zur Erkundung der Unterwasserwelt<\/li>\n<li>F\u00fcr die Reinigung und Wartung von Booten<\/li>\n<li>Als pers\u00f6nliches Notfallsystem zur Selbstrettung<\/li>\n<\/ul>\n<p>Dar\u00fcber hinaus dient sie zertifizierten Tauchern als zuverl\u00e4ssige, <b>zertifizierten Tauchern<\/b>als zuverl\u00e4ssige, redundante Notfall-Luftquelle f\u00fcr Notaufstiege aus Tiefen von bis zu 30 Metern (ca. 100 Fu\u00df).<\/p>\n<p><b>Ideal f\u00fcr diese Anwendungen:<\/b><\/p>\n<p><b>F\u00fcr Bootseigner:<\/b> Schnelle Inspektion des Schiffsrumpfes, Reinigung eines Propellers oder Befreien eines verschmutzten Ankers.<\/p>\n<p><b>F\u00fcr erfahrene Schnorchler:<\/b> Erforschen Sie das Riff f\u00fcr einige Minuten in geringer Tiefe, um Fische und Korallen aus der N\u00e4he zu beobachten.<\/p>\n<p><b>Als Notfallsystem:<\/b> Eine redundante Luftquelle (Ponyflasche) f\u00fcr erfahrene Taucher.<\/p>\n<p><b>F\u00fcr Unterwasser-Fotografen:<\/b> Mehr Zeit und Stabilit\u00e4t f\u00fcr den perfekten Schuss im flachen Wasser.<\/p>\n<p>&nbsp;<\/p>\n<p><b>Unser SMACO Qualit\u00e4tsversprechen:<\/b><\/p>\n<p>Wir lieben das Meer und die Freiheit, die es uns bietet. Deshalb haben Qualit\u00e4t und Sicherheit unserer Produkte f\u00fcr uns oberste Priorit\u00e4t. Jedes SMACO-Produkt durchl\u00e4uft eine strenge Qualit\u00e4tskontrolle, damit Sie sich voll und ganz auf Ihr Abenteuer konzentrieren k\u00f6nnen. Haben Sie Fragen? Unser wassersportbegeistertes Team ber\u00e4t Sie gerne.<\/p>","protected":false},"excerpt":{"rendered":"<div class=\"product-short-description\">\n<p>Entdecken Sie eine neue Dimension der Unterwasserwelt! Die SMACO S400 ist Ihr zuverl\u00e4ssiger Begleiter f\u00fcr kurze Tauchg\u00e4nge, Bootsarbeiten oder als Notfallsystem. Kompakt, leicht und schnell einsatzbereit \u2013 erleben Sie bis zu 20 Minuten Freiheit unter Wasser, mit der Sicherheit und Qualit\u00e4t, auf die Sie sich verlassen k\u00f6nnen.<\/p>\n<\/div>","protected":false},"featured_media":3084,"comment_status":"open","ping_status":"closed","template":"","meta":[],"etheme_brands":[{"term_id":36,"name":"smaco","slug":"smaco","term_group":0,"term_taxonomy_id":36,"taxonomy":"brand","description":"","parent":0,"count":9,"filter":"raw"}],"product_brand":[],"product_cat":[35],"product_tag":[34],"class_list":{"0":"post-2869","1":"product","2":"type-product","3":"status-publish","4":"has-post-thumbnail","6":"brand-smaco","7":"product_cat-kit","8":"product_tag-diving-tank","10":"first","11":"instock","12":"sale","13":"featured","14":"shipping-taxable","15":"purchasable","16":"product-type-variable","17":"has-default-attributes"},"_links":{"self":[{"href":"https:\/\/smacodive.de\/de\/wp-json\/wp\/v2\/product\/2869","targetHints":{"allow":["GET"]}}],"collection":[{"href":"https:\/\/smacodive.de\/de\/wp-json\/wp\/v2\/product"}],"about":[{"href":"https:\/\/smacodive.de\/de\/wp-json\/wp\/v2\/types\/product"}],"replies":[{"embeddable":true,"href":"https:\/\/smacodive.de\/de\/wp-json\/wp\/v2\/comments?post=2869"}],"wp:featuredmedia":[{"embeddable":true,"href":"https:\/\/smacodive.de\/de\/wp-json\/wp\/v2\/media\/3084"}],"wp:attachment":[{"href":"https:\/\/smacodive.de\/de\/wp-json\/wp\/v2\/media?parent=2869"}],"wp:term":[{"taxonomy":"brand","embeddable":true,"href":"https:\/\/smacodive.de\/de\/wp-json\/wp\/v2\/etheme_brands?post=2869"},{"taxonomy":"product_brand","embeddable":true,"href":"https:\/\/smacodive.de\/de\/wp-json\/wp\/v2\/product_brand?post=2869"},{"taxonomy":"product_cat","embeddable":true,"href":"https:\/\/smacodive.de\/de\/wp-json\/wp\/v2\/product_cat?post=2869"},{"taxonomy":"product_tag","embeddable":true,"href":"https:\/\/smacodive.de\/de\/wp-json\/wp\/v2\/product_tag?post=2869"}],"curies":[{"name":"wp","href":"https:\/\/api.w.org\/{rel}","templated":true}]}}