{"id":2582,"date":"2024-03-12T17:00:06","date_gmt":"2024-03-12T09:00:06","guid":{"rendered":"https:\/\/smacodive.de\/?post_type=product&#038;p=2582"},"modified":"2025-09-17T13:08:12","modified_gmt":"2025-09-17T05:08:12","slug":"smaco-k2-vollgesichtsschnorchelmaske-300plus-tank","status":"publish","type":"product","link":"https:\/\/smacodive.de\/de\/shop\/bausatz\/smaco-k2-vollgesichtsschnorchelmaske-300plus-tank\/","title":{"rendered":"SMACO K2 Vollgesichts-Schnorchelmaske 300Plus Tauchflasche"},"content":{"rendered":"<h2>SMACO K2 Vollgesichts-Schnorchelmaske + 300Plus Tauchflasche :<\/h2>\n<ul>\n<li data-sourcepos=\"9:1-9:139\"><strong>Unvergleichliche Freiheit:<\/strong>\u00a0Vergessen Sie schwere, umst\u00e4ndliche Tauchausr\u00fcstung und genie\u00dfen Sie die m\u00fchelose Leichtigkeit des Atmens unter Wasser. Erleben Sie wahre Bewegungsfreiheit wie nie zuvor.<\/li>\n<li data-sourcepos=\"10:1-10:202\"><strong>Extra-lange Tauchzeit:<\/strong> Mit dem 0,5-Liter-Tank tauchen Sie etwa 5-8 Minuten ab, w\u00e4hrend der 0,7-Liter-Tank Ihnen rund 8-10 Minuten erm\u00f6glicht. So k\u00f6nnen Sie die Unterwasserwelt ganz entspannt und in Ihrem eigenen Tempo erkunden.<\/li>\n<li data-sourcepos=\"11:1-11:141\"><strong>Tragbar &amp; einfach in der Handhabung:<\/strong>\u00a0Der Minitank ist leicht und kompakt. Er l\u00e4sst sich m\u00fchelos transportieren, sodass Sie jederzeit und \u00fcberall spontan ins k\u00fchle Nass springen k\u00f6nnen.<\/li>\n<li data-sourcepos=\"12:1-12:153\"><strong>Sicher &amp; verl\u00e4sslich:<\/strong>\u00a0Die Tauchmaske ist aus hochwertigen Materialien gefertigt, die maximale Sicherheit und Zuverl\u00e4ssigkeit garantieren. Tauchen Sie sorgenfrei ab und genie\u00dfen Sie Ihr Unterwasserabenteuer in vollen Z\u00fcgen.<\/li>\n<li data-sourcepos=\"13:1-14:0\"><strong>Klare Sicht:<\/strong>\u00a0Das gro\u00dffl\u00e4chige Sichtfeld der Maske bietet Ihnen eine klare und helle Sicht auf die Unterwasserwelt. Erleben Sie die Sch\u00f6nheit des Meeres in all ihrer Pracht und lassen Sie sich von den Farben und Details verzaubern.<\/li>\n<\/ul>\n<p>Nachf\u00fcllzeit der verschiedenen Arten:<\/p>\n<div class=\"detailmodule_text-image\" data-sanitized-data-mce-style=\"text-align: left;\"><strong>Hohe Handpumpe<\/strong> Manuelles Pumpen bis zu 600-800 Mal.<\/div>\n<div class=\"detailmodule_text-image\" data-sanitized-data-mce-style=\"text-align: left;\"><strong>Nachf\u00fclladapter<\/strong> Gro\u00dfe Flaschen f\u00fchren Fl\u00e4schchen, f\u00fcllen sich in etwa 4 Sekunden.<\/div>\n<div class=\"detailmodule_text-image\" data-sanitized-data-mce-style=\"text-align: left;\"><strong>SMACO Elektronische Pumpe<\/strong> Plug-and-Play-Bef\u00fcllung in etwa 11 Minuten.<\/div>\n<div id=\"image-wrapper\" class=\"w-full max-w-screen-xl m-auto dark:bg-[#101014] p-4\">\n<div class=\"n-auto-complete\">\n<h2>Produktparameter:<\/h2>\n<\/div>\n<\/div>\n<table class=\"woocommerce-product-attributes shop_attributes\">\n<tbody>\n<tr class=\"woocommerce-product-attributes-item woocommerce-product-attributes-item--attribute_capacity\">\n<th class=\"woocommerce-product-attributes-item__label\">Kapazit\u00e4t<\/th>\n<td class=\"woocommerce-product-attributes-item__value\">0.5L<\/td>\n<\/tr>\n<tr class=\"woocommerce-product-attributes-item woocommerce-product-attributes-item--attribute_using-time\">\n<th class=\"woocommerce-product-attributes-item__label\">Die Zeit nutzen<\/th>\n<td class=\"woocommerce-product-attributes-item__value\">5-8 Minuten<\/td>\n<\/tr>\n<tr class=\"woocommerce-product-attributes-item woocommerce-product-attributes-item--attribute_n-w\">\n<th class=\"woocommerce-product-attributes-item__label\">N.W<\/th>\n<td class=\"woocommerce-product-attributes-item__value\">1,1 kg<\/td>\n<\/tr>\n<tr class=\"woocommerce-product-attributes-item woocommerce-product-attributes-item--attribute_size\">\n<th class=\"woocommerce-product-attributes-item__label\">Gr\u00f6\u00dfe<\/th>\n<td class=\"woocommerce-product-attributes-item__value\">36 \u00d7 7,6 \u00d7 8,9 cm<\/td>\n<\/tr>\n<tr class=\"woocommerce-product-attributes-item woocommerce-product-attributes-item--attribute_color\">\n<th class=\"woocommerce-product-attributes-item__label\">Farbe<\/th>\n<td class=\"woocommerce-product-attributes-item__value\">gr\u00fcn, schwarz<\/td>\n<\/tr>\n<\/tbody>\n<\/table>\n<p><img loading=\"lazy\" decoding=\"async\" class=\"alignnone wp-image-3142 size-full\" src=\"https:\/\/smacodive.de\/wp-content\/uploads\/2024\/03\/SMACO-K2-Full-Face-Snorkel-Mask-300Plus-Green.jpg\" alt=\"SMACO-K2-Vollgesichts-Schnorchel-Maske-300Plus-Gr\u00fcn\" width=\"1000\" height=\"1000\" srcset=\"https:\/\/smacodive.de\/wp-content\/uploads\/2024\/03\/SMACO-K2-Full-Face-Snorkel-Mask-300Plus-Green.jpg 1000w, https:\/\/smacodive.de\/wp-content\/uploads\/2024\/03\/SMACO-K2-Full-Face-Snorkel-Mask-300Plus-Green-300x300.jpg 300w, https:\/\/smacodive.de\/wp-content\/uploads\/2024\/03\/SMACO-K2-Full-Face-Snorkel-Mask-300Plus-Green-150x150.jpg 150w, https:\/\/smacodive.de\/wp-content\/uploads\/2024\/03\/SMACO-K2-Full-Face-Snorkel-Mask-300Plus-Green-768x768.jpg 768w, https:\/\/smacodive.de\/wp-content\/uploads\/2024\/03\/SMACO-K2-Full-Face-Snorkel-Mask-300Plus-Green-12x12.jpg 12w, https:\/\/smacodive.de\/wp-content\/uploads\/2024\/03\/SMACO-K2-Full-Face-Snorkel-Mask-300Plus-Green-600x600.jpg 600w, https:\/\/smacodive.de\/wp-content\/uploads\/2024\/03\/SMACO-K2-Full-Face-Snorkel-Mask-300Plus-Green-100x100.jpg 100w, https:\/\/smacodive.de\/wp-content\/uploads\/2024\/03\/SMACO-K2-Full-Face-Snorkel-Mask-300Plus-Green-1x1.jpg 1w, https:\/\/smacodive.de\/wp-content\/uploads\/2024\/03\/SMACO-K2-Full-Face-Snorkel-Mask-300Plus-Green-10x10.jpg 10w\" sizes=\"auto, (max-width: 1000px) 100vw, 1000px\" \/><\/p>\n<p><img loading=\"lazy\" decoding=\"async\" class=\"alignnone wp-image-3140 size-full\" src=\"https:\/\/smacodive.de\/wp-content\/uploads\/2024\/03\/SMACO-K2-Full-Face-Snorkel-Mask-300Plus-Black.jpg\" alt=\"\" width=\"1000\" height=\"1000\" srcset=\"https:\/\/smacodive.de\/wp-content\/uploads\/2024\/03\/SMACO-K2-Full-Face-Snorkel-Mask-300Plus-Black.jpg 1000w, https:\/\/smacodive.de\/wp-content\/uploads\/2024\/03\/SMACO-K2-Full-Face-Snorkel-Mask-300Plus-Black-300x300.jpg 300w, https:\/\/smacodive.de\/wp-content\/uploads\/2024\/03\/SMACO-K2-Full-Face-Snorkel-Mask-300Plus-Black-150x150.jpg 150w, https:\/\/smacodive.de\/wp-content\/uploads\/2024\/03\/SMACO-K2-Full-Face-Snorkel-Mask-300Plus-Black-768x768.jpg 768w, https:\/\/smacodive.de\/wp-content\/uploads\/2024\/03\/SMACO-K2-Full-Face-Snorkel-Mask-300Plus-Black-12x12.jpg 12w, https:\/\/smacodive.de\/wp-content\/uploads\/2024\/03\/SMACO-K2-Full-Face-Snorkel-Mask-300Plus-Black-600x600.jpg 600w, https:\/\/smacodive.de\/wp-content\/uploads\/2024\/03\/SMACO-K2-Full-Face-Snorkel-Mask-300Plus-Black-100x100.jpg 100w, https:\/\/smacodive.de\/wp-content\/uploads\/2024\/03\/SMACO-K2-Full-Face-Snorkel-Mask-300Plus-Black-1x1.jpg 1w, https:\/\/smacodive.de\/wp-content\/uploads\/2024\/03\/SMACO-K2-Full-Face-Snorkel-Mask-300Plus-Black-10x10.jpg 10w\" sizes=\"auto, (max-width: 1000px) 100vw, 1000px\" \/><img loading=\"lazy\" decoding=\"async\" class=\"alignnone wp-image-3366 size-full\" src=\"https:\/\/smacodive.de\/wp-content\/uploads\/2024\/03\/smaco-at-open-water.jpg\" alt=\"smaco-am-offenen-wasser\" width=\"1000\" height=\"1000\" srcset=\"https:\/\/smacodive.de\/wp-content\/uploads\/2024\/03\/smaco-at-open-water.jpg 1000w, https:\/\/smacodive.de\/wp-content\/uploads\/2024\/03\/smaco-at-open-water-300x300.jpg 300w, https:\/\/smacodive.de\/wp-content\/uploads\/2024\/03\/smaco-at-open-water-150x150.jpg 150w, https:\/\/smacodive.de\/wp-content\/uploads\/2024\/03\/smaco-at-open-water-768x768.jpg 768w, https:\/\/smacodive.de\/wp-content\/uploads\/2024\/03\/smaco-at-open-water-12x12.jpg 12w, https:\/\/smacodive.de\/wp-content\/uploads\/2024\/03\/smaco-at-open-water-600x600.jpg 600w, https:\/\/smacodive.de\/wp-content\/uploads\/2024\/03\/smaco-at-open-water-100x100.jpg 100w, https:\/\/smacodive.de\/wp-content\/uploads\/2024\/03\/smaco-at-open-water-1x1.jpg 1w, https:\/\/smacodive.de\/wp-content\/uploads\/2024\/03\/smaco-at-open-water-10x10.jpg 10w\" sizes=\"auto, (max-width: 1000px) 100vw, 1000px\" \/><\/p>\n<p>Diese Mini-Tauchflasche wurde f\u00fcr den sicheren Einsatz in Tiefen bis zu 10 Metern (ca. 33 Fu\u00df) entwickelt. Ihre Vielseitigkeit macht sie zum idealen Begleiter f\u00fcr zahlreiche Eins\u00e4tze im Flachwasser:<\/p>\n<ul>\n<li>Zur Erkundung der Unterwasserwelt<\/li>\n<li>F\u00fcr die Reinigung und Wartung von Booten<\/li>\n<li>Als pers\u00f6nliches Notfallsystem zur Selbstrettung<\/li>\n<\/ul>\n<p>Dar\u00fcber hinaus dient sie zertifizierten Tauchern als zuverl\u00e4ssige, <b>zertifizierten Tauchern<\/b>als zuverl\u00e4ssige, redundante Notfall-Luftquelle f\u00fcr Notaufstiege aus Tiefen von bis zu 30 Metern (ca. 100 Fu\u00df).<\/p>\n<p><b>Ideal f\u00fcr diese Anwendungen:<\/b><\/p>\n<p><b>F\u00fcr Bootseigner:<\/b> Schnelle Inspektion des Schiffsrumpfes, Reinigung eines Propellers oder Befreien eines verschmutzten Ankers.<\/p>\n<p><b>F\u00fcr erfahrene Schnorchler:<\/b> Erforschen Sie das Riff f\u00fcr einige Minuten in geringer Tiefe, um Fische und Korallen aus der N\u00e4he zu beobachten.<\/p>\n<p><b>Als Notfallsystem:<\/b> Eine redundante Luftquelle (Ponyflasche) f\u00fcr erfahrene Taucher.<\/p>\n<p><b>F\u00fcr Unterwasser-Fotografen:<\/b> Mehr Zeit und Stabilit\u00e4t f\u00fcr den perfekten Schuss im flachen Wasser.<\/p>\n<p>&nbsp;<\/p>\n<p><b>Unser SMACO Qualit\u00e4tsversprechen:<\/b><\/p>\n<p>Wir lieben das Meer und die Freiheit, die es uns bietet. Deshalb haben Qualit\u00e4t und Sicherheit unserer Produkte f\u00fcr uns oberste Priorit\u00e4t. Jedes SMACO-Produkt durchl\u00e4uft eine strenge Qualit\u00e4tskontrolle, damit Sie sich voll und ganz auf Ihr Abenteuer konzentrieren k\u00f6nnen. Haben Sie Fragen? Unser wassersportbegeistertes Team ber\u00e4t Sie gerne.<\/p>","protected":false},"excerpt":{"rendered":"<div class=\"product-short-description\">\n<p><strong>Die SMACO K2 Schnorchelmaske<\/strong> revolutioniert das traditionelle Schnorcheln und erm\u00f6glicht es Ihnen, die Freiheit der Unterwasseratmung wie nie zuvor zu erleben. Diese innovative Maske l\u00e4sst sich nahtlos an eine kompakte 0,5-Liter- oder 0,7-Liter-Mini-Tauchflasche anschlie\u00dfen und erm\u00f6glicht es Ihnen, die Unterwasserwelt \u00fcber l\u00e4ngere Zeitr\u00e4ume zu erkunden und weitere Gew\u00e4sser zu entdecken.<\/p>\n<\/div>","protected":false},"featured_media":3139,"comment_status":"open","ping_status":"closed","template":"","meta":[],"etheme_brands":[{"term_id":36,"name":"smaco","slug":"smaco","term_group":0,"term_taxonomy_id":36,"taxonomy":"brand","description":"","parent":0,"count":9,"filter":"raw"}],"product_brand":[],"product_cat":[35],"product_tag":[34],"class_list":{"0":"post-2582","1":"product","2":"type-product","3":"status-publish","4":"has-post-thumbnail","6":"brand-smaco","7":"product_cat-kit","8":"product_tag-diving-tank","10":"first","11":"instock","12":"sale","13":"featured","14":"shipping-taxable","15":"purchasable","16":"product-type-variable","17":"has-default-attributes"},"_links":{"self":[{"href":"https:\/\/smacodive.de\/de\/wp-json\/wp\/v2\/product\/2582","targetHints":{"allow":["GET"]}}],"collection":[{"href":"https:\/\/smacodive.de\/de\/wp-json\/wp\/v2\/product"}],"about":[{"href":"https:\/\/smacodive.de\/de\/wp-json\/wp\/v2\/types\/product"}],"replies":[{"embeddable":true,"href":"https:\/\/smacodive.de\/de\/wp-json\/wp\/v2\/comments?post=2582"}],"wp:featuredmedia":[{"embeddable":true,"href":"https:\/\/smacodive.de\/de\/wp-json\/wp\/v2\/media\/3139"}],"wp:attachment":[{"href":"https:\/\/smacodive.de\/de\/wp-json\/wp\/v2\/media?parent=2582"}],"wp:term":[{"taxonomy":"brand","embeddable":true,"href":"https:\/\/smacodive.de\/de\/wp-json\/wp\/v2\/etheme_brands?post=2582"},{"taxonomy":"product_brand","embeddable":true,"href":"https:\/\/smacodive.de\/de\/wp-json\/wp\/v2\/product_brand?post=2582"},{"taxonomy":"product_cat","embeddable":true,"href":"https:\/\/smacodive.de\/de\/wp-json\/wp\/v2\/product_cat?post=2582"},{"taxonomy":"product_tag","embeddable":true,"href":"https:\/\/smacodive.de\/de\/wp-json\/wp\/v2\/product_tag?post=2582"}],"curies":[{"name":"wp","href":"https:\/\/api.w.org\/{rel}","templated":true}]}}