{"id":2371,"date":"2023-11-08T17:03:22","date_gmt":"2023-11-08T09:03:22","guid":{"rendered":"https:\/\/smacodive.de\/?post_type=product&#038;p=2371"},"modified":"2025-09-05T12:15:46","modified_gmt":"2025-09-05T04:15:46","slug":"smaco-s700max-doppelte-2l-flasche-tauchflasche","status":"publish","type":"product","link":"https:\/\/smacodive.de\/de\/shop\/bausatz\/smaco-s700max-doppelte-2l-flasche-tauchflasche\/","title":{"rendered":"SMACO S700MAX Doppeltank"},"content":{"rendered":"<h2>BIS ZU 35 MINUTEN LANG UNTER WASSER ATMEN<\/h2>\n<h2>SMACO S700MAX Doppeltank 2L Flasche * 2 PCS Mini-Tauchflasche<\/h2>\n<ul>\n<li>Bahnbrechende 35 Minuten Unterwasserzeit mit den 700MAX Dual Micro-Tauchflaschen.<\/li>\n<li>Auff\u00e4lliges Erscheinungsbild und extrem geringes Gewicht f\u00fcr einfachen Transport.<\/li>\n<li>Der S700MAX kann leicht in zwei separate S700 2-Liter-Tauchflaschen umgewandelt werden. <strong>(Zus\u00e4tzliche Bestellung von S700-Reglern erforderlich)<\/strong><\/li>\n<li>5K 5000psi Externes explosionsgesch\u00fctztes Ventil f\u00fcr zus\u00e4tzlichen Druckentlastungsschutz<\/li>\n<li>Das Micron Air Filtration System, das effektiv Verunreinigungen absorbiert und herausfiltert<\/li>\n<li>integriert\u00a0<strong>Venturi<\/strong>\u00a0<strong>Ventil<\/strong>\u00a0f\u00fcr einstellbaren Atemwiderstand<\/li>\n<li>SMACO erhielt CE, ROHS, TUV, DOT, PPE, SDS, Patente in EU, US, AU, China<\/li>\n<li>Unverzichtbare Ausr\u00fcstung f\u00fcr das Tauchen bis zu einer Tiefe von 10 Metern.<\/li>\n<\/ul>\n<div id=\"image-wrapper\" class=\"w-full max-w-screen-xl m-auto dark:bg-[#101014] p-4\">\n<div class=\"n-auto-complete\">\n<h2>Produktparameter:<\/h2>\n<\/div>\n<\/div>\n<table class=\"woocommerce-product-attributes shop_attributes\">\n<tbody>\n<tr class=\"woocommerce-product-attributes-item woocommerce-product-attributes-item--attribute_capacity\">\n<th class=\"woocommerce-product-attributes-item__label\">Kapazit\u00e4t<\/th>\n<td class=\"woocommerce-product-attributes-item__value\">2L x 2<\/td>\n<\/tr>\n<tr class=\"woocommerce-product-attributes-item woocommerce-product-attributes-item--attribute_using-time\">\n<th class=\"woocommerce-product-attributes-item__label\">Die Zeit nutzen<\/th>\n<td class=\"woocommerce-product-attributes-item__value\">35 Minuten<\/td>\n<\/tr>\n<tr class=\"woocommerce-product-attributes-item woocommerce-product-attributes-item--attribute_n-w\">\n<th class=\"woocommerce-product-attributes-item__label\">N.W<\/th>\n<td class=\"woocommerce-product-attributes-item__value\">10.14kg<\/td>\n<\/tr>\n<tr class=\"woocommerce-product-attributes-item woocommerce-product-attributes-item--attribute_size\">\n<th class=\"woocommerce-product-attributes-item__label\">Gr\u00f6\u00dfe<\/th>\n<td class=\"woocommerce-product-attributes-item__value\">42,5 \u00d7 24,5 \u00d7 8,9 cm<\/td>\n<\/tr>\n<tr class=\"woocommerce-product-attributes-item woocommerce-product-attributes-item--attribute_color\">\n<th class=\"woocommerce-product-attributes-item__label\">Farbe<\/th>\n<td class=\"woocommerce-product-attributes-item__value\">gr\u00fcn, schwarz<\/td>\n<\/tr>\n<\/tbody>\n<\/table>\n<p><img loading=\"lazy\" decoding=\"async\" class=\"alignnone wp-image-3211 size-full\" src=\"https:\/\/smacodive.de\/wp-content\/uploads\/2023\/11\/S700MAX-Green.jpg\" alt=\"S700MAX-Gr\u00fcn\" width=\"1000\" height=\"1000\" srcset=\"https:\/\/smacodive.de\/wp-content\/uploads\/2023\/11\/S700MAX-Green.jpg 1000w, https:\/\/smacodive.de\/wp-content\/uploads\/2023\/11\/S700MAX-Green-300x300.jpg 300w, https:\/\/smacodive.de\/wp-content\/uploads\/2023\/11\/S700MAX-Green-150x150.jpg 150w, https:\/\/smacodive.de\/wp-content\/uploads\/2023\/11\/S700MAX-Green-768x768.jpg 768w, https:\/\/smacodive.de\/wp-content\/uploads\/2023\/11\/S700MAX-Green-12x12.jpg 12w, https:\/\/smacodive.de\/wp-content\/uploads\/2023\/11\/S700MAX-Green-600x600.jpg 600w, https:\/\/smacodive.de\/wp-content\/uploads\/2023\/11\/S700MAX-Green-100x100.jpg 100w, https:\/\/smacodive.de\/wp-content\/uploads\/2023\/11\/S700MAX-Green-1x1.jpg 1w, https:\/\/smacodive.de\/wp-content\/uploads\/2023\/11\/S700MAX-Green-10x10.jpg 10w\" sizes=\"auto, (max-width: 1000px) 100vw, 1000px\" \/><\/p>\n<p><img loading=\"lazy\" decoding=\"async\" class=\"alignnone wp-image-3212 size-full\" src=\"https:\/\/smacodive.de\/wp-content\/uploads\/2023\/11\/S700MAX-Black002.jpg\" alt=\"\" width=\"1000\" height=\"1000\" srcset=\"https:\/\/smacodive.de\/wp-content\/uploads\/2023\/11\/S700MAX-Black002.jpg 1000w, https:\/\/smacodive.de\/wp-content\/uploads\/2023\/11\/S700MAX-Black002-300x300.jpg 300w, https:\/\/smacodive.de\/wp-content\/uploads\/2023\/11\/S700MAX-Black002-150x150.jpg 150w, https:\/\/smacodive.de\/wp-content\/uploads\/2023\/11\/S700MAX-Black002-768x768.jpg 768w, https:\/\/smacodive.de\/wp-content\/uploads\/2023\/11\/S700MAX-Black002-12x12.jpg 12w, https:\/\/smacodive.de\/wp-content\/uploads\/2023\/11\/S700MAX-Black002-600x600.jpg 600w, https:\/\/smacodive.de\/wp-content\/uploads\/2023\/11\/S700MAX-Black002-100x100.jpg 100w, https:\/\/smacodive.de\/wp-content\/uploads\/2023\/11\/S700MAX-Black002-1x1.jpg 1w, https:\/\/smacodive.de\/wp-content\/uploads\/2023\/11\/S700MAX-Black002-10x10.jpg 10w\" sizes=\"auto, (max-width: 1000px) 100vw, 1000px\" \/><\/p>\n<p><img loading=\"lazy\" decoding=\"async\" class=\"alignnone wp-image-3215 size-full\" src=\"https:\/\/smacodive.de\/wp-content\/uploads\/2023\/11\/S700MAX-Black001.jpg\" alt=\"\" width=\"1000\" height=\"1000\" srcset=\"https:\/\/smacodive.de\/wp-content\/uploads\/2023\/11\/S700MAX-Black001.jpg 1000w, https:\/\/smacodive.de\/wp-content\/uploads\/2023\/11\/S700MAX-Black001-300x300.jpg 300w, https:\/\/smacodive.de\/wp-content\/uploads\/2023\/11\/S700MAX-Black001-150x150.jpg 150w, https:\/\/smacodive.de\/wp-content\/uploads\/2023\/11\/S700MAX-Black001-768x768.jpg 768w, https:\/\/smacodive.de\/wp-content\/uploads\/2023\/11\/S700MAX-Black001-12x12.jpg 12w, https:\/\/smacodive.de\/wp-content\/uploads\/2023\/11\/S700MAX-Black001-600x600.jpg 600w, https:\/\/smacodive.de\/wp-content\/uploads\/2023\/11\/S700MAX-Black001-100x100.jpg 100w, https:\/\/smacodive.de\/wp-content\/uploads\/2023\/11\/S700MAX-Black001-1x1.jpg 1w, https:\/\/smacodive.de\/wp-content\/uploads\/2023\/11\/S700MAX-Black001-10x10.jpg 10w\" sizes=\"auto, (max-width: 1000px) 100vw, 1000px\" \/><\/p>\n<p><img loading=\"lazy\" decoding=\"async\" class=\"alignnone wp-image-3213 size-full\" src=\"https:\/\/smacodive.de\/wp-content\/uploads\/2023\/11\/S700MAX-BackPro-BCD.jpg\" alt=\"S700MAX-BackPro-BCD\" width=\"1000\" height=\"1000\" srcset=\"https:\/\/smacodive.de\/wp-content\/uploads\/2023\/11\/S700MAX-BackPro-BCD.jpg 1000w, https:\/\/smacodive.de\/wp-content\/uploads\/2023\/11\/S700MAX-BackPro-BCD-300x300.jpg 300w, https:\/\/smacodive.de\/wp-content\/uploads\/2023\/11\/S700MAX-BackPro-BCD-150x150.jpg 150w, https:\/\/smacodive.de\/wp-content\/uploads\/2023\/11\/S700MAX-BackPro-BCD-768x768.jpg 768w, https:\/\/smacodive.de\/wp-content\/uploads\/2023\/11\/S700MAX-BackPro-BCD-12x12.jpg 12w, https:\/\/smacodive.de\/wp-content\/uploads\/2023\/11\/S700MAX-BackPro-BCD-600x600.jpg 600w, https:\/\/smacodive.de\/wp-content\/uploads\/2023\/11\/S700MAX-BackPro-BCD-100x100.jpg 100w, https:\/\/smacodive.de\/wp-content\/uploads\/2023\/11\/S700MAX-BackPro-BCD-1x1.jpg 1w, https:\/\/smacodive.de\/wp-content\/uploads\/2023\/11\/S700MAX-BackPro-BCD-10x10.jpg 10w\" sizes=\"auto, (max-width: 1000px) 100vw, 1000px\" \/><\/p>\n<p>&nbsp;<\/p>\n<p><b>Unser SMACO Qualit\u00e4tsversprechen:<\/b><\/p>\n<p>Wir lieben das Meer und die Freiheit, die es uns bietet. Deshalb haben Qualit\u00e4t und Sicherheit unserer Produkte f\u00fcr uns oberste Priorit\u00e4t. Jedes SMACO-Produkt durchl\u00e4uft eine strenge Qualit\u00e4tskontrolle, damit Sie sich voll und ganz auf Ihr Abenteuer konzentrieren k\u00f6nnen. Haben Sie Fragen? Unser wassersportbegeistertes Team ber\u00e4t Sie gerne.<\/p>","protected":false},"excerpt":{"rendered":"<div class=\"product-short-description\">\n<p>SMACO S700MAX Double Tank 2L Cylinder * 2 PCS Mini Scuba Tank: 700MAX Dual-Zylinder-Mini-Tauchflasche mit bis zu 35 Minuten Einsatzzeit unter Wasser.<\/p>\n<\/div>","protected":false},"featured_media":3211,"comment_status":"open","ping_status":"closed","template":"","meta":[],"etheme_brands":[{"term_id":36,"name":"smaco","slug":"smaco","term_group":0,"term_taxonomy_id":36,"taxonomy":"brand","description":"","parent":0,"count":9,"filter":"raw"}],"product_brand":[],"product_cat":[35],"product_tag":[34],"class_list":{"0":"post-2371","1":"product","2":"type-product","3":"status-publish","4":"has-post-thumbnail","6":"brand-smaco","7":"product_cat-kit","8":"product_tag-diving-tank","10":"first","11":"instock","12":"sale","13":"featured","14":"shipping-taxable","15":"purchasable","16":"product-type-variable","17":"has-default-attributes"},"_links":{"self":[{"href":"https:\/\/smacodive.de\/de\/wp-json\/wp\/v2\/product\/2371","targetHints":{"allow":["GET"]}}],"collection":[{"href":"https:\/\/smacodive.de\/de\/wp-json\/wp\/v2\/product"}],"about":[{"href":"https:\/\/smacodive.de\/de\/wp-json\/wp\/v2\/types\/product"}],"replies":[{"embeddable":true,"href":"https:\/\/smacodive.de\/de\/wp-json\/wp\/v2\/comments?post=2371"}],"wp:featuredmedia":[{"embeddable":true,"href":"https:\/\/smacodive.de\/de\/wp-json\/wp\/v2\/media\/3211"}],"wp:attachment":[{"href":"https:\/\/smacodive.de\/de\/wp-json\/wp\/v2\/media?parent=2371"}],"wp:term":[{"taxonomy":"brand","embeddable":true,"href":"https:\/\/smacodive.de\/de\/wp-json\/wp\/v2\/etheme_brands?post=2371"},{"taxonomy":"product_brand","embeddable":true,"href":"https:\/\/smacodive.de\/de\/wp-json\/wp\/v2\/product_brand?post=2371"},{"taxonomy":"product_cat","embeddable":true,"href":"https:\/\/smacodive.de\/de\/wp-json\/wp\/v2\/product_cat?post=2371"},{"taxonomy":"product_tag","embeddable":true,"href":"https:\/\/smacodive.de\/de\/wp-json\/wp\/v2\/product_tag?post=2371"}],"curies":[{"name":"wp","href":"https:\/\/api.w.org\/{rel}","templated":true}]}}