{"id":1806,"date":"2023-09-22T16:31:54","date_gmt":"2023-09-22T08:31:54","guid":{"rendered":"https:\/\/smacodive.de\/wordpress\/?post_type=product&#038;p=1806"},"modified":"2025-09-05T12:18:49","modified_gmt":"2025-09-05T04:18:49","slug":"smaco-tauchflaschenaufblasgerat-hochdruck-handpumpe","status":"publish","type":"product","link":"https:\/\/smacodive.de\/de\/shop\/luftpumpe-2\/smaco-tauchflaschenaufblasgerat-hochdruck-handpumpe\/","title":{"rendered":"SMACO Hochdruck-Handpumpe"},"content":{"rendered":"<div class=\"product-short-description\">\n<p>SMACO Hochdruck-Handpumpe, Pcp-Luftpumpe 4500Psi zum F\u00fcllen von Luftpistolen und Tauchflaschen<\/p>\n<ul>\n<li><strong>LETZTES UPGRADE<\/strong> : SMACO Hochdruck-Handpumpe der zweiten Generation mit \u00fcberlegenen Eigenschaften: \u00d6l- und Wasserabscheider, Doppelfilterung und reine Atemluft. Erreicht 90% Wasser- und \u00d6labscheidung und bietet wiederverwendbare Nutzbarkeit.<\/li>\n<li><strong>BEQUEM &amp; EINFACH<\/strong> : Die 4-stufige PCP-Pumpe erfordert 25% weniger Kraftaufwand als eine 3-stufige Pumpe und sorgt so f\u00fcr ein problemloses Erlebnis. (Nicht geeignet zum F\u00fcllen von Tauchflaschen gr\u00f6\u00dfer als 1L, z.B. S700).<\/li>\n<li><strong>HOHE QUALIT\u00c4T UND SICHERHEIT<\/strong> : 4-stufige Pumpe, die bis zu 3000 psi erreicht, mit reibungsloser Bewegung, leckfreier Leistung mit einem polyfluorierten, abgedichteten Kupferanschluss und einem 21,7\u2033 flexiblen Schlauch mit Mikrobohrung, der bis zu 80 MPA Druck aush\u00e4lt.<\/li>\n<li><strong>REISSFEST UND KORROSIONSBEST\u00c4NDIG<\/strong> : Hergestellt aus haltbarem rostfreiem Stahl, einem Innenkern aus Aluminium und einer 8-mm-Kupfer-Schnellkupplung, die mehr als 10.000 Mal abgenutzt werden kann.<\/li>\n<li><strong>VIELSEITIGE ANWENDUNG<\/strong> : Geeignet f\u00fcr verschiedene Anwendungen wie Tauchflaschen, PCP-Pistolen, Gewehre, Luftgewehre, Fu\u00dfb\u00e4lle, Schlauchboote, Autos und mehr. (Hinweis: Erfordert eine 8-mm-Kupferbuchse als Schnellanschluss).<\/li>\n<\/ul>\n<\/div>\n<div id=\"row-1286928885\" class=\"row row-collapse align-bottom products-tit-style\">\n<div id=\"col-2124854795\" class=\"col medium-6 small-12 large-6\">\n<div class=\"col-inner text-left\">\n<p><img loading=\"lazy\" decoding=\"async\" class=\"alignnone wp-image-2413 size-full\" src=\"https:\/\/smacodive.de\/wp-content\/uploads\/2023\/09\/\u4e3b\u56fe-\u767d\u5e95-1.jpg\" alt=\"\" width=\"1000\" height=\"1000\" srcset=\"https:\/\/smacodive.de\/wp-content\/uploads\/2023\/09\/\u4e3b\u56fe-\u767d\u5e95-1.jpg 1000w, https:\/\/smacodive.de\/wp-content\/uploads\/2023\/09\/\u4e3b\u56fe-\u767d\u5e95-1-300x300.jpg 300w, https:\/\/smacodive.de\/wp-content\/uploads\/2023\/09\/\u4e3b\u56fe-\u767d\u5e95-1-150x150.jpg 150w, https:\/\/smacodive.de\/wp-content\/uploads\/2023\/09\/\u4e3b\u56fe-\u767d\u5e95-1-768x768.jpg 768w, https:\/\/smacodive.de\/wp-content\/uploads\/2023\/09\/\u4e3b\u56fe-\u767d\u5e95-1-12x12.jpg 12w, https:\/\/smacodive.de\/wp-content\/uploads\/2023\/09\/\u4e3b\u56fe-\u767d\u5e95-1-600x600.jpg 600w, https:\/\/smacodive.de\/wp-content\/uploads\/2023\/09\/\u4e3b\u56fe-\u767d\u5e95-1-100x100.jpg 100w, https:\/\/smacodive.de\/wp-content\/uploads\/2023\/09\/\u4e3b\u56fe-\u767d\u5e95-1-1x1.jpg 1w, https:\/\/smacodive.de\/wp-content\/uploads\/2023\/09\/\u4e3b\u56fe-\u767d\u5e95-1-10x10.jpg 10w\" sizes=\"auto, (max-width: 1000px) 100vw, 1000px\" \/><\/p>\n<p><img loading=\"lazy\" decoding=\"async\" class=\"alignnone wp-image-2853 size-full\" src=\"https:\/\/smacodive.de\/wp-content\/uploads\/2023\/09\/SMACO-Diving-Cylinder-Inflator-High-Pressure-Hand-Pump.jpg\" alt=\"\" width=\"1000\" height=\"1000\" srcset=\"https:\/\/smacodive.de\/wp-content\/uploads\/2023\/09\/SMACO-Diving-Cylinder-Inflator-High-Pressure-Hand-Pump.jpg 1000w, https:\/\/smacodive.de\/wp-content\/uploads\/2023\/09\/SMACO-Diving-Cylinder-Inflator-High-Pressure-Hand-Pump-300x300.jpg 300w, https:\/\/smacodive.de\/wp-content\/uploads\/2023\/09\/SMACO-Diving-Cylinder-Inflator-High-Pressure-Hand-Pump-150x150.jpg 150w, https:\/\/smacodive.de\/wp-content\/uploads\/2023\/09\/SMACO-Diving-Cylinder-Inflator-High-Pressure-Hand-Pump-768x768.jpg 768w, https:\/\/smacodive.de\/wp-content\/uploads\/2023\/09\/SMACO-Diving-Cylinder-Inflator-High-Pressure-Hand-Pump-12x12.jpg 12w, https:\/\/smacodive.de\/wp-content\/uploads\/2023\/09\/SMACO-Diving-Cylinder-Inflator-High-Pressure-Hand-Pump-600x600.jpg 600w, https:\/\/smacodive.de\/wp-content\/uploads\/2023\/09\/SMACO-Diving-Cylinder-Inflator-High-Pressure-Hand-Pump-100x100.jpg 100w, https:\/\/smacodive.de\/wp-content\/uploads\/2023\/09\/SMACO-Diving-Cylinder-Inflator-High-Pressure-Hand-Pump-1x1.jpg 1w, https:\/\/smacodive.de\/wp-content\/uploads\/2023\/09\/SMACO-Diving-Cylinder-Inflator-High-Pressure-Hand-Pump-10x10.jpg 10w\" sizes=\"auto, (max-width: 1000px) 100vw, 1000px\" \/><\/p>\n<p><b>Unser SMACO Qualit\u00e4tsversprechen:<\/b><\/p>\n<p>Wir lieben das Meer und die Freiheit, die es uns bietet. Deshalb haben Qualit\u00e4t und Sicherheit unserer Produkte f\u00fcr uns oberste Priorit\u00e4t. Jedes SMACO-Produkt durchl\u00e4uft eine strenge Qualit\u00e4tskontrolle, damit Sie sich voll und ganz auf Ihr Abenteuer konzentrieren k\u00f6nnen. Haben Sie Fragen? Unser wassersportbegeistertes Team ber\u00e4t Sie gerne.<\/p>\n<p>&nbsp;<\/p>\n<\/div>\n<\/div>\n<\/div>","protected":false},"excerpt":{"rendered":"<div class=\"product-short-description\">\n<p>SMACO Diving Cylinder Inflator Hochdruck-Handpumpe, Pcp Luftpumpe 4500Psi zum F\u00fcllen von Luftpistolen und Tauchflaschen<\/p>\n<\/div>","protected":false},"featured_media":1809,"comment_status":"open","ping_status":"closed","template":"","meta":[],"etheme_brands":[{"term_id":36,"name":"smaco","slug":"smaco","term_group":0,"term_taxonomy_id":36,"taxonomy":"brand","description":"","parent":0,"count":9,"filter":"raw"}],"product_brand":[],"product_cat":[31],"product_tag":[38],"class_list":{"0":"post-1806","1":"product","2":"type-product","3":"status-publish","4":"has-post-thumbnail","6":"brand-smaco","7":"product_cat-air-pump","8":"product_tag-airpump","10":"first","11":"instock","12":"sale","13":"featured","14":"shipping-taxable","15":"purchasable","16":"product-type-simple"},"_links":{"self":[{"href":"https:\/\/smacodive.de\/de\/wp-json\/wp\/v2\/product\/1806","targetHints":{"allow":["GET"]}}],"collection":[{"href":"https:\/\/smacodive.de\/de\/wp-json\/wp\/v2\/product"}],"about":[{"href":"https:\/\/smacodive.de\/de\/wp-json\/wp\/v2\/types\/product"}],"replies":[{"embeddable":true,"href":"https:\/\/smacodive.de\/de\/wp-json\/wp\/v2\/comments?post=1806"}],"wp:featuredmedia":[{"embeddable":true,"href":"https:\/\/smacodive.de\/de\/wp-json\/wp\/v2\/media\/1809"}],"wp:attachment":[{"href":"https:\/\/smacodive.de\/de\/wp-json\/wp\/v2\/media?parent=1806"}],"wp:term":[{"taxonomy":"brand","embeddable":true,"href":"https:\/\/smacodive.de\/de\/wp-json\/wp\/v2\/etheme_brands?post=1806"},{"taxonomy":"product_brand","embeddable":true,"href":"https:\/\/smacodive.de\/de\/wp-json\/wp\/v2\/product_brand?post=1806"},{"taxonomy":"product_cat","embeddable":true,"href":"https:\/\/smacodive.de\/de\/wp-json\/wp\/v2\/product_cat?post=1806"},{"taxonomy":"product_tag","embeddable":true,"href":"https:\/\/smacodive.de\/de\/wp-json\/wp\/v2\/product_tag?post=1806"}],"curies":[{"name":"wp","href":"https:\/\/api.w.org\/{rel}","templated":true}]}}