{"id":1790,"date":"2023-09-22T12:50:31","date_gmt":"2023-09-22T04:50:31","guid":{"rendered":"https:\/\/smacodive.de\/wordpress\/?post_type=product&#038;p=1790"},"modified":"2026-04-01T16:47:03","modified_gmt":"2026-04-01T08:47:03","slug":"smaco-s700-2l-tauchflasche","status":"publish","type":"product","link":"https:\/\/smacodive.de\/de\/shop\/bausatz\/smaco-s700-2l-tauchflasche\/","title":{"rendered":"SMACO S700 Plus 2L Tauchflasche"},"content":{"rendered":"<div class=\"product-short-description\">\n<h2>BIS ZU 20 MINUTEN LANG UNTER WASSER ATMEN<\/h2>\n<h2>SMACO S700 2L Tauchflasche:<\/h2>\n<ul>\n<li>Bis zu 20-25 Minuten Tauchzeit<\/li>\n<li>5K 5000psi Externes explosionsgesch\u00fctztes Ventil f\u00fcr zus\u00e4tzlichen Druckentlastungsschutz<\/li>\n<li>Das Micron Air Filtration System, das effektiv Verunreinigungen absorbiert und herausfiltert<\/li>\n<li>integriert <strong>Venturi<\/strong> <strong>Ventil<\/strong> f\u00fcr einstellbaren Atemwiderstand<\/li>\n<li><a href=\"https:\/\/single-market-economy.ec.europa.eu\/sectors\/pressure-equipment-and-gas-appliances\/pressure-equipment-sector\/pressure-equipment-directive_en\">CE PED (Druckger\u00e4terichtlinie)<\/a> T\u00dcV-Zertifizierung. ZERTIFIZIERUNG ERHALTEN HAT. Neben CE hat SMACO auch ROHS, TUV, DOT, PPE, SDS, Patente in EU, US, AU, China erhalten.<\/li>\n<\/ul>\n<div id=\"image-wrapper\" class=\"w-full max-w-screen-xl m-auto dark:bg-[#101014] p-4\">\n<div class=\"n-auto-complete\">\n<h4 class=\"n-input n-input--textarea n-input--autosize n-input--stateful\">Hinweis: Bitte f\u00fcllen Sie die S700 2L Tauchflasche nur mit einem Tauchluftkompressor auf. Versuchen Sie nicht, eine Handpumpe zu verwenden.<\/h4>\n<h2>Produktparameter:<\/h2>\n<\/div>\n<\/div>\n<table class=\"woocommerce-product-attributes shop_attributes\">\n<tbody>\n<tr class=\"woocommerce-product-attributes-item woocommerce-product-attributes-item--attribute_capacity\">\n<th class=\"woocommerce-product-attributes-item__label\">Kapazit\u00e4t<\/th>\n<td class=\"woocommerce-product-attributes-item__value\">2L<\/td>\n<\/tr>\n<tr class=\"woocommerce-product-attributes-item woocommerce-product-attributes-item--attribute_using-time\">\n<th class=\"woocommerce-product-attributes-item__label\">Die Zeit nutzen<\/th>\n<td class=\"woocommerce-product-attributes-item__value\">20-25 Minuten<\/td>\n<\/tr>\n<tr class=\"woocommerce-product-attributes-item woocommerce-product-attributes-item--attribute_n-w\">\n<th class=\"woocommerce-product-attributes-item__label\">N.W<\/th>\n<td class=\"woocommerce-product-attributes-item__value\">3,61 kg<\/td>\n<\/tr>\n<tr class=\"woocommerce-product-attributes-item woocommerce-product-attributes-item--attribute_size\">\n<th class=\"woocommerce-product-attributes-item__label\">Gr\u00f6\u00dfe<\/th>\n<td class=\"woocommerce-product-attributes-item__value\">42,9 \u00d7 11,4 \u00d7 8,9 cm<\/td>\n<\/tr>\n<tr class=\"woocommerce-product-attributes-item woocommerce-product-attributes-item--attribute_color\">\n<th class=\"woocommerce-product-attributes-item__label\">Farbe<\/th>\n<td class=\"woocommerce-product-attributes-item__value\">gr\u00fcn, schwarz<\/td>\n<\/tr>\n<\/tbody>\n<\/table>\n<p><img loading=\"lazy\" decoding=\"async\" class=\"alignnone wp-image-2810 size-full\" src=\"https:\/\/smacodive.de\/wp-content\/uploads\/2024\/05\/smacodive.de-landing-page-image02.jpg\" alt=\"\" width=\"800\" height=\"800\" srcset=\"https:\/\/smacodive.de\/wp-content\/uploads\/2024\/05\/smacodive.de-landing-page-image02.jpg 800w, https:\/\/smacodive.de\/wp-content\/uploads\/2024\/05\/smacodive.de-landing-page-image02-300x300.jpg 300w, https:\/\/smacodive.de\/wp-content\/uploads\/2024\/05\/smacodive.de-landing-page-image02-150x150.jpg 150w, https:\/\/smacodive.de\/wp-content\/uploads\/2024\/05\/smacodive.de-landing-page-image02-768x768.jpg 768w, https:\/\/smacodive.de\/wp-content\/uploads\/2024\/05\/smacodive.de-landing-page-image02-12x12.jpg 12w, https:\/\/smacodive.de\/wp-content\/uploads\/2024\/05\/smacodive.de-landing-page-image02-600x600.jpg 600w, https:\/\/smacodive.de\/wp-content\/uploads\/2024\/05\/smacodive.de-landing-page-image02-100x100.jpg 100w, https:\/\/smacodive.de\/wp-content\/uploads\/2024\/05\/smacodive.de-landing-page-image02-1x1.jpg 1w, https:\/\/smacodive.de\/wp-content\/uploads\/2024\/05\/smacodive.de-landing-page-image02-10x10.jpg 10w\" sizes=\"auto, (max-width: 800px) 100vw, 800px\" \/><\/p>\n<p><b>Unser SMACO Qualit\u00e4tsversprechen:<\/b><\/p>\n<p>Wir lieben das Meer und die Freiheit, die es uns bietet. Deshalb haben Qualit\u00e4t und Sicherheit unserer Produkte f\u00fcr uns oberste Priorit\u00e4t. Jedes SMACO-Produkt durchl\u00e4uft eine strenge Qualit\u00e4tskontrolle, damit Sie sich voll und ganz auf Ihr Abenteuer konzentrieren k\u00f6nnen. Haben Sie Fragen? Unser wassersportbegeistertes Team ber\u00e4t Sie gerne.<\/p>\n<\/div>","protected":false},"excerpt":{"rendered":"<div class=\"product-short-description\">\n<h3>8% RABATT AUF DEINE S700 PLUS<\/h3>\n<h3><span style=\"color: #ff0000;\">GUTSCHEINCODE: SMACO-2L<\/span><\/h3>\n<p>SMACO S700 Plus 2L Tauchflasche Tragbare Mini-Tauchflasche:  Tragbare Mini-Tauchflasche mit 25 Minuten Reserveluft.  T\u00dcV-Zertifizierung\/DOT-zertifiziert und wird mit einem Aluminiumkoffer zur einfachen Aufbewahrung geliefert. Genie\u00dfen Sie eine sichere und bequeme Unterwasseratmung Erfahrung mit diesem kompakten Ger\u00e4t.<\/p>\n<\/div>","protected":false},"featured_media":2913,"comment_status":"open","ping_status":"closed","template":"","meta":[],"etheme_brands":[{"term_id":36,"name":"smaco","slug":"smaco","term_group":0,"term_taxonomy_id":36,"taxonomy":"brand","description":"","parent":0,"count":9,"filter":"raw"}],"product_brand":[],"product_cat":[35],"product_tag":[34],"class_list":{"0":"post-1790","1":"product","2":"type-product","3":"status-publish","4":"has-post-thumbnail","6":"brand-smaco","7":"product_cat-kit","8":"product_tag-diving-tank","10":"first","11":"instock","12":"sale","13":"featured","14":"shipping-taxable","15":"purchasable","16":"product-type-variable","17":"has-default-attributes"},"_links":{"self":[{"href":"https:\/\/smacodive.de\/de\/wp-json\/wp\/v2\/product\/1790","targetHints":{"allow":["GET"]}}],"collection":[{"href":"https:\/\/smacodive.de\/de\/wp-json\/wp\/v2\/product"}],"about":[{"href":"https:\/\/smacodive.de\/de\/wp-json\/wp\/v2\/types\/product"}],"replies":[{"embeddable":true,"href":"https:\/\/smacodive.de\/de\/wp-json\/wp\/v2\/comments?post=1790"}],"wp:featuredmedia":[{"embeddable":true,"href":"https:\/\/smacodive.de\/de\/wp-json\/wp\/v2\/media\/2913"}],"wp:attachment":[{"href":"https:\/\/smacodive.de\/de\/wp-json\/wp\/v2\/media?parent=1790"}],"wp:term":[{"taxonomy":"brand","embeddable":true,"href":"https:\/\/smacodive.de\/de\/wp-json\/wp\/v2\/etheme_brands?post=1790"},{"taxonomy":"product_brand","embeddable":true,"href":"https:\/\/smacodive.de\/de\/wp-json\/wp\/v2\/product_brand?post=1790"},{"taxonomy":"product_cat","embeddable":true,"href":"https:\/\/smacodive.de\/de\/wp-json\/wp\/v2\/product_cat?post=1790"},{"taxonomy":"product_tag","embeddable":true,"href":"https:\/\/smacodive.de\/de\/wp-json\/wp\/v2\/product_tag?post=1790"}],"curies":[{"name":"wp","href":"https:\/\/api.w.org\/{rel}","templated":true}]}}