{"id":1743,"date":"2023-09-21T16:33:58","date_gmt":"2023-09-21T08:33:58","guid":{"rendered":"https:\/\/smacodive.de\/wordpress\/?post_type=product&#038;p=1743"},"modified":"2025-09-05T12:22:20","modified_gmt":"2025-09-05T04:22:20","slug":"smaco-nachfulladapter-fur-tauchflaschen","status":"publish","type":"product","link":"https:\/\/smacodive.de\/de\/shop\/zubehor\/smaco-nachfulladapter-fur-tauchflaschen\/","title":{"rendered":"SMACO Tauchflaschen-Nachf\u00fclladapter"},"content":{"rendered":"<div class=\"product-title-container is-small\">\n<div class=\"product-short-description\">\n<p>Tauchen Tank Refill Adapter Aluminiumlegierung Scuba Tauchen Tank Luftflasche Refill Adapter f\u00fcr Zylinder-Tauchausr\u00fcstung<\/p>\n<ul>\n<li><strong>Kompatibilit\u00e4t<\/strong>: Kompatibel mit Standard-K-Ventil, J-Ventil und H-Ventil.<\/li>\n<li><strong>Bequemes Design:<\/strong> Mit 8-mm-Schnelltrennkupplung und Federschutzschlauch aus Edelstahl.<\/li>\n<li><strong>Vielseitige Verwendung:<\/strong> Funktioniert mit PCP-Luftgewehren und f\u00fcllt Paintball- und HPA-CO2-Tanks.<\/li>\n<li><strong>Langlebigkeit:<\/strong> Neue Konstruktion mit doppelten O-Ringen f\u00fcr l\u00e4ngere Lebensdauer, h\u00e4lt bis zu 4500 psi stand.<\/li>\n<li><strong>Einfach zu benutzen:<\/strong> L\u00e4sst sich leicht an m\u00e4nnliche Anschl\u00fcsse f\u00fcr Druckluftwerkzeuge anschlie\u00dfen, hochdruckbest\u00e4ndig. Ein Muss f\u00fcr Ihr Ersatzteilset.<\/li>\n<\/ul>\n<\/div>\n<p><span style=\"font-size: 16px;\"><img loading=\"lazy\" decoding=\"async\" class=\"alignnone wp-image-1744 size-full\" src=\"https:\/\/smacodive.de\/wp-content\/uploads\/2023\/09\/1-\u53bb\u5b57.jpg\" alt=\"\" width=\"800\" height=\"800\" \/> <img loading=\"lazy\" decoding=\"async\" class=\"alignnone wp-image-1745\" src=\"https:\/\/smacodive.de\/wp-content\/uploads\/2023\/09\/2-2.jpg\" alt=\"\" width=\"884\" height=\"884\" \/><br \/>\n<img loading=\"lazy\" decoding=\"async\" class=\"alignnone wp-image-1746\" src=\"https:\/\/smacodive.de\/wp-content\/uploads\/2023\/09\/3-1.jpg\" alt=\"\" width=\"908\" height=\"908\" \/><\/span><\/p>\n<p><img loading=\"lazy\" decoding=\"async\" class=\"alignnone wp-image-1748 size-full\" src=\"https:\/\/smacodive.de\/wp-content\/uploads\/2023\/09\/6.jpg\" alt=\"\" width=\"1000\" height=\"1000\" \/><br \/>\nF\u00fclladapter f\u00fcr Zylinder<\/p>\n<p><b>Unser SMACO Qualit\u00e4tsversprechen:<\/b><\/p>\n<p>Wir lieben das Meer und die Freiheit, die es uns bietet. Deshalb haben Qualit\u00e4t und Sicherheit unserer Produkte f\u00fcr uns oberste Priorit\u00e4t. Jedes SMACO-Produkt durchl\u00e4uft eine strenge Qualit\u00e4tskontrolle, damit Sie sich voll und ganz auf Ihr Abenteuer konzentrieren k\u00f6nnen. Haben Sie Fragen? Unser wassersportbegeistertes Team ber\u00e4t Sie gerne.<\/p>\n<\/div>","protected":false},"excerpt":{"rendered":"<p>Tauchen Tank Refill Adapter Aluminiumlegierung Scuba Tauchen Tank Luftflasche Refill Adapter f\u00fcr Zylinder Tauchausr\u00fcstung Kompatibilit\u00e4t: Kompatibel mit Standard K-Valve, J-Valve und H-Valve....<\/p>","protected":false},"featured_media":2103,"comment_status":"open","ping_status":"closed","template":"","meta":[],"etheme_brands":[{"term_id":36,"name":"smaco","slug":"smaco","term_group":0,"term_taxonomy_id":36,"taxonomy":"brand","description":"","parent":0,"count":9,"filter":"raw"}],"product_brand":[],"product_cat":[27],"product_tag":[32],"class_list":{"0":"post-1743","1":"product","2":"type-product","3":"status-publish","4":"has-post-thumbnail","6":"brand-smaco","7":"product_cat-accessory","8":"product_tag-parts","10":"first","11":"instock","12":"sale","13":"featured","14":"shipping-taxable","15":"purchasable","16":"product-type-simple"},"_links":{"self":[{"href":"https:\/\/smacodive.de\/de\/wp-json\/wp\/v2\/product\/1743","targetHints":{"allow":["GET"]}}],"collection":[{"href":"https:\/\/smacodive.de\/de\/wp-json\/wp\/v2\/product"}],"about":[{"href":"https:\/\/smacodive.de\/de\/wp-json\/wp\/v2\/types\/product"}],"replies":[{"embeddable":true,"href":"https:\/\/smacodive.de\/de\/wp-json\/wp\/v2\/comments?post=1743"}],"wp:featuredmedia":[{"embeddable":true,"href":"https:\/\/smacodive.de\/de\/wp-json\/wp\/v2\/media\/2103"}],"wp:attachment":[{"href":"https:\/\/smacodive.de\/de\/wp-json\/wp\/v2\/media?parent=1743"}],"wp:term":[{"taxonomy":"brand","embeddable":true,"href":"https:\/\/smacodive.de\/de\/wp-json\/wp\/v2\/etheme_brands?post=1743"},{"taxonomy":"product_brand","embeddable":true,"href":"https:\/\/smacodive.de\/de\/wp-json\/wp\/v2\/product_brand?post=1743"},{"taxonomy":"product_cat","embeddable":true,"href":"https:\/\/smacodive.de\/de\/wp-json\/wp\/v2\/product_cat?post=1743"},{"taxonomy":"product_tag","embeddable":true,"href":"https:\/\/smacodive.de\/de\/wp-json\/wp\/v2\/product_tag?post=1743"}],"curies":[{"name":"wp","href":"https:\/\/api.w.org\/{rel}","templated":true}]}}