{"id":1638,"date":"2023-09-17T12:03:15","date_gmt":"2023-09-17T04:03:15","guid":{"rendered":"https:\/\/smacodive.de\/wordpress\/?post_type=product&#038;p=1638"},"modified":"2026-04-01T16:21:46","modified_gmt":"2026-04-01T08:21:46","slug":"smaco-s300plus-tauchflasche","status":"publish","type":"product","link":"https:\/\/smacodive.de\/de\/shop\/bausatz\/smaco-s300plus-tauchflasche\/","title":{"rendered":"SMACO S300 Plus Mini-Tauchflasche Set (0,5L) \u2013 Flugtauglich &amp; Kompakt"},"content":{"rendered":"<div class=\"product-short-description\">\n<h2>MACO S300 Plus 0.5L Tauchflasche:<\/h2>\n<ul>\n<li>Bis zu 5-8 Minuten Tauchzeit<\/li>\n<li>5K 5000psi Externes explosionsgesch\u00fctztes Ventil f\u00fcr zus\u00e4tzlichen Druckentlastungsschutz<\/li>\n<li>Das Micron Air Filtration System, das effektiv Verunreinigungen absorbiert und herausfiltert<\/li>\n<li><a href=\"https:\/\/single-market-economy.ec.europa.eu\/sectors\/pressure-equipment-and-gas-appliances\/pressure-equipment-sector\/pressure-equipment-directive_en\">CE PED (Druckger\u00e4terichtlinie)<\/a>\u00a0ZERTIFIZIERUNG ERHALTEN HAT. Neben CE hat SMACO auch ROHS, TUV, DOT, PPE, SDS und Patente in der EU, USA, AU und China erhalten.<\/li>\n<\/ul>\n<p>Der integrierte Atemventilkopf S300PLUS verf\u00fcgt \u00fcber ein neues \u00dcberdruckventil, das Hochdruckgas in der Flasche reduziert, bevor es mit einem stabilen, konstanten Druckbereich von \u22644,0 MPA ausgegeben wird. Das externe explosionsgesch\u00fctzte Ventil der S300PLUS-Serie ist so ausgestattet, dass es den Druck automatisch abl\u00e4sst, wenn die Gasflasche w\u00e4hrend des Aufblasens den explosionsgesch\u00fctzten Wert erreicht, wodurch die Sicherheit der Verwendung des Atemschutzger\u00e4ts gew\u00e4hrleistet wird. Bei gleicher Flaschenkapazit\u00e4t bietet die Serie S300PLUS eine l\u00e4ngere Einsatzzeit, was den Kunden ein komfortableres und angenehmeres Atemerlebnis erm\u00f6glicht.<\/p>\n<div id=\"image-wrapper\" class=\"w-full max-w-screen-xl m-auto dark:bg-[#101014] p-4\">\n<div class=\"n-auto-complete\">\n<h2>Produktparameter:<\/h2>\n<\/div>\n<\/div>\n<table class=\"woocommerce-product-attributes shop_attributes\">\n<tbody>\n<tr class=\"woocommerce-product-attributes-item woocommerce-product-attributes-item--attribute_capacity\">\n<th class=\"woocommerce-product-attributes-item__label\">Kapazit\u00e4t<\/th>\n<td class=\"woocommerce-product-attributes-item__value\">0.5L<\/td>\n<\/tr>\n<tr class=\"woocommerce-product-attributes-item woocommerce-product-attributes-item--attribute_using-time\">\n<th class=\"woocommerce-product-attributes-item__label\">Die Zeit nutzen<\/th>\n<td class=\"woocommerce-product-attributes-item__value\">5-8 Minuten<\/td>\n<\/tr>\n<tr class=\"woocommerce-product-attributes-item woocommerce-product-attributes-item--attribute_n-w\">\n<th class=\"woocommerce-product-attributes-item__label\">N.W<\/th>\n<td class=\"woocommerce-product-attributes-item__value\">1,1 kg<\/td>\n<\/tr>\n<tr class=\"woocommerce-product-attributes-item woocommerce-product-attributes-item--attribute_size\">\n<th class=\"woocommerce-product-attributes-item__label\">Gr\u00f6\u00dfe<\/th>\n<td class=\"woocommerce-product-attributes-item__value\">36 \u00d7 7,6 \u00d7 8,9 cm<\/td>\n<\/tr>\n<tr class=\"woocommerce-product-attributes-item woocommerce-product-attributes-item--attribute_color\">\n<th class=\"woocommerce-product-attributes-item__label\">Farbe<\/th>\n<td class=\"woocommerce-product-attributes-item__value\">gr\u00fcn, schwarz<\/td>\n<\/tr>\n<\/tbody>\n<\/table>\n<p><img loading=\"lazy\" decoding=\"async\" class=\"alignnone wp-image-1681 size-full\" src=\"https:\/\/smacodive.de\/wp-content\/uploads\/2023\/09\/S300plus-Green.jpg\" alt=\"\" width=\"1000\" height=\"1000\" \/><\/p>\n<\/div>\n<p><img loading=\"lazy\" decoding=\"async\" class=\"alignnone wp-image-2854 size-full\" src=\"https:\/\/smacodive.de\/wp-content\/uploads\/2023\/09\/fixed.jpg\" alt=\"\" width=\"1000\" height=\"1000\" srcset=\"https:\/\/smacodive.de\/wp-content\/uploads\/2023\/09\/fixed.jpg 1000w, https:\/\/smacodive.de\/wp-content\/uploads\/2023\/09\/fixed-300x300.jpg 300w, https:\/\/smacodive.de\/wp-content\/uploads\/2023\/09\/fixed-150x150.jpg 150w, https:\/\/smacodive.de\/wp-content\/uploads\/2023\/09\/fixed-768x768.jpg 768w, https:\/\/smacodive.de\/wp-content\/uploads\/2023\/09\/fixed-12x12.jpg 12w, https:\/\/smacodive.de\/wp-content\/uploads\/2023\/09\/fixed-600x600.jpg 600w, https:\/\/smacodive.de\/wp-content\/uploads\/2023\/09\/fixed-100x100.jpg 100w, https:\/\/smacodive.de\/wp-content\/uploads\/2023\/09\/fixed-1x1.jpg 1w, https:\/\/smacodive.de\/wp-content\/uploads\/2023\/09\/fixed-10x10.jpg 10w\" sizes=\"auto, (max-width: 1000px) 100vw, 1000px\" \/><\/p>\n<p><img loading=\"lazy\" decoding=\"async\" class=\"alignnone wp-image-3360\" src=\"https:\/\/smacodive.de\/wp-content\/uploads\/2023\/09\/S300Plugs.jpg\" alt=\"SMACO S300Stopfen 0.5L\" width=\"1000\" height=\"1334\" srcset=\"https:\/\/smacodive.de\/wp-content\/uploads\/2023\/09\/S300Plugs.jpg 800w, https:\/\/smacodive.de\/wp-content\/uploads\/2023\/09\/S300Plugs-225x300.jpg 225w, https:\/\/smacodive.de\/wp-content\/uploads\/2023\/09\/S300Plugs-768x1024.jpg 768w, https:\/\/smacodive.de\/wp-content\/uploads\/2023\/09\/S300Plugs-9x12.jpg 9w, https:\/\/smacodive.de\/wp-content\/uploads\/2023\/09\/S300Plugs-600x800.jpg 600w, https:\/\/smacodive.de\/wp-content\/uploads\/2023\/09\/S300Plugs-1x1.jpg 1w, https:\/\/smacodive.de\/wp-content\/uploads\/2023\/09\/S300Plugs-7x10.jpg 7w\" sizes=\"auto, (max-width: 1000px) 100vw, 1000px\" \/><\/p>\n<p>Diese Mini-Tauchflasche wurde f\u00fcr den sicheren Einsatz in Tiefen bis zu 10 Metern (ca. 33 Fu\u00df) entwickelt. Ihre Vielseitigkeit macht sie zum idealen Begleiter f\u00fcr zahlreiche Eins\u00e4tze im Flachwasser:<\/p>\n<ul>\n<li>Zur Erkundung der Unterwasserwelt<\/li>\n<li>F\u00fcr die Reinigung und Wartung von Booten<\/li>\n<li>Als pers\u00f6nliches Notfallsystem zur Selbstrettung<\/li>\n<\/ul>\n<p>Dar\u00fcber hinaus dient sie zertifizierten Tauchern als zuverl\u00e4ssige,\u00a0<b>zertifizierten Tauchern<\/b>als zuverl\u00e4ssige, redundante Notfall-Luftquelle f\u00fcr Notaufstiege aus Tiefen von bis zu 30 Metern (ca. 100 Fu\u00df).<\/p>\n<p><b>Ideal f\u00fcr diese Anwendungen:<\/b><\/p>\n<p><b>F\u00fcr Bootseigner:<\/b>\u00a0Schnelle Inspektion des Schiffsrumpfes, Reinigung eines Propellers oder Befreien eines verschmutzten Ankers.<\/p>\n<p><b>F\u00fcr erfahrene Schnorchler:<\/b>\u00a0Erforschen Sie das Riff f\u00fcr einige Minuten in geringer Tiefe, um Fische und Korallen aus der N\u00e4he zu beobachten.<\/p>\n<p><b>Als Notfallsystem:<\/b>\u00a0Eine redundante Luftquelle (Ponyflasche) f\u00fcr erfahrene Taucher.<\/p>\n<p><b>F\u00fcr Unterwasser-Fotografen:<\/b>\u00a0Mehr Zeit und Stabilit\u00e4t f\u00fcr den perfekten Schuss im flachen Wasser.<\/p>\n<p>&nbsp;<\/p>\n<p><b>Unser SMACO Qualit\u00e4tsversprechen:<\/b><\/p>\n<p>Wir lieben das Meer und die Freiheit, die es uns bietet. Deshalb haben Qualit\u00e4t und Sicherheit unserer Produkte f\u00fcr uns oberste Priorit\u00e4t. Jedes SMACO-Produkt durchl\u00e4uft eine strenge Qualit\u00e4tskontrolle, damit Sie sich voll und ganz auf Ihr Abenteuer konzentrieren k\u00f6nnen. Haben Sie Fragen? Unser wassersportbegeistertes Team ber\u00e4t Sie gerne.<\/p>\n<p>&nbsp;<\/p>","protected":false},"excerpt":{"rendered":"<h3>8% RABATT AUF DEINE S300 PLUS<\/h3>\n<h3><span style=\"color: #ff0000;\">GUTSCHEINCODE: SMACO-SUMMER<\/span><\/h3>\n<p>Die SMACO 0,5-Liter-Mini-Tauchflasche ist eine tragbare und langlebige Tauchflasche mit einer Tauchkapazit\u00e4t von 5-8 Minuten. Sie ist aus korrosionsbest\u00e4ndigen Materialien gefertigt, verf\u00fcgt \u00fcber ein Ventil f\u00fcr konstanten Druck und ist f\u00fcr den Notfall nachf\u00fcllbar. Perfekt f\u00fcr sicherheitsbewusste Taucher.<\/p>\n<p>&nbsp;<\/p>","protected":false},"featured_media":3091,"comment_status":"open","ping_status":"closed","template":"","meta":[],"etheme_brands":[{"term_id":36,"name":"smaco","slug":"smaco","term_group":0,"term_taxonomy_id":36,"taxonomy":"brand","description":"","parent":0,"count":9,"filter":"raw"}],"product_brand":[],"product_cat":[35],"product_tag":[34],"class_list":{"0":"post-1638","1":"product","2":"type-product","3":"status-publish","4":"has-post-thumbnail","6":"brand-smaco","7":"product_cat-kit","8":"product_tag-diving-tank","10":"first","11":"instock","12":"sale","13":"featured","14":"shipping-taxable","15":"purchasable","16":"product-type-variable","17":"has-default-attributes"},"_links":{"self":[{"href":"https:\/\/smacodive.de\/de\/wp-json\/wp\/v2\/product\/1638","targetHints":{"allow":["GET"]}}],"collection":[{"href":"https:\/\/smacodive.de\/de\/wp-json\/wp\/v2\/product"}],"about":[{"href":"https:\/\/smacodive.de\/de\/wp-json\/wp\/v2\/types\/product"}],"replies":[{"embeddable":true,"href":"https:\/\/smacodive.de\/de\/wp-json\/wp\/v2\/comments?post=1638"}],"wp:featuredmedia":[{"embeddable":true,"href":"https:\/\/smacodive.de\/de\/wp-json\/wp\/v2\/media\/3091"}],"wp:attachment":[{"href":"https:\/\/smacodive.de\/de\/wp-json\/wp\/v2\/media?parent=1638"}],"wp:term":[{"taxonomy":"brand","embeddable":true,"href":"https:\/\/smacodive.de\/de\/wp-json\/wp\/v2\/etheme_brands?post=1638"},{"taxonomy":"product_brand","embeddable":true,"href":"https:\/\/smacodive.de\/de\/wp-json\/wp\/v2\/product_brand?post=1638"},{"taxonomy":"product_cat","embeddable":true,"href":"https:\/\/smacodive.de\/de\/wp-json\/wp\/v2\/product_cat?post=1638"},{"taxonomy":"product_tag","embeddable":true,"href":"https:\/\/smacodive.de\/de\/wp-json\/wp\/v2\/product_tag?post=1638"}],"curies":[{"name":"wp","href":"https:\/\/api.w.org\/{rel}","templated":true}]}}