{"id":33,"date":"2021-12-04T09:58:52","date_gmt":"2021-12-04T09:58:52","guid":{"rendered":"https:\/\/xstore.8theme.com\/elementor\/demos\/minimal-fashion03\/?page_id=33"},"modified":"2025-06-21T03:13:50","modified_gmt":"2025-06-20T19:13:50","slug":"uber-uns","status":"publish","type":"page","link":"https:\/\/smacodive.de\/de\/uber-uns\/","title":{"rendered":"\u00dcber uns"},"content":{"rendered":"<div data-elementor-type=\"wp-page\" data-elementor-id=\"33\" class=\"elementor elementor-33\" data-elementor-post-type=\"page\">\n\t\t\t\t\t\t<section class=\"elementor-section elementor-top-section elementor-element elementor-element-1e7d817 elementor-section-boxed elementor-section-height-default elementor-section-height-default elementor-invisible\" data-id=\"1e7d817\" data-element_type=\"section\" data-settings=\"{&quot;animation&quot;:&quot;fadeIn&quot;}\">\n\t\t\t\t\t\t<div class=\"elementor-container elementor-column-gap-no\">\n\t\t\t\t\t<div class=\"elementor-column elementor-col-100 elementor-top-column elementor-element elementor-element-390ef48\" data-id=\"390ef48\" data-element_type=\"column\">\n\t\t\t<div class=\"elementor-widget-wrap elementor-element-populated\">\n\t\t\t\t\t\t<div class=\"elementor-element elementor-element-d09e6cd elementor-widget elementor-widget-heading\" data-id=\"d09e6cd\" data-element_type=\"widget\" data-widget_type=\"heading.default\">\n\t\t\t\t<div class=\"elementor-widget-container\">\n\t\t\t\t\t<h2 class=\"elementor-heading-title elementor-size-default\">Unsere Geschichte<\/h2>\t\t\t\t<\/div>\n\t\t\t\t<\/div>\n\t\t\t\t<div class=\"elementor-element elementor-element-6a01f1c elementor-widget-divider--view-line elementor-widget elementor-widget-divider\" data-id=\"6a01f1c\" data-element_type=\"widget\" data-widget_type=\"divider.default\">\n\t\t\t\t<div class=\"elementor-widget-container\">\n\t\t\t\t\t\t\t<div class=\"elementor-divider\">\n\t\t\t<span class=\"elementor-divider-separator\">\n\t\t\t\t\t\t<\/span>\n\t\t<\/div>\n\t\t\t\t\t\t<\/div>\n\t\t\t\t<\/div>\n\t\t\t\t<div class=\"elementor-element elementor-element-6c9aa0c elementor-widget elementor-widget-text-editor\" data-id=\"6c9aa0c\" data-element_type=\"widget\" data-widget_type=\"text-editor.default\">\n\t\t\t\t<div class=\"elementor-widget-container\">\n\t\t\t\t\t\t\t\t\t<p>SMACO ist eine Geschichte der Leidenschaft, des Engagements und der Innovation.<\/p><p>Alles begann mit einem kleinen Team leidenschaftlicher und erfahrener Rettungs- und Sicherheitstaucher, die entschlossen waren, etwas in der Tauchbranche zu ver\u00e4ndern. Mit jahrelanger Forschung und Erfahrung entwickelten sie die zuverl\u00e4ssigste, effizienteste und erschwinglichste tragbare Mini-Tauchflasche auf dem Markt.<\/p><p>Wir bei SMACO glauben, dass jeder die M\u00f6glichkeit haben sollte, die Wunder der Unterwasserwelt zu erkunden. Deshalb sind wir bestrebt, zuverl\u00e4ssige, effiziente und erschwingliche L\u00f6sungen sowohl f\u00fcr Profi- als auch f\u00fcr Freizeittaucher anzubieten. Unsere Leidenschaft ist es, Menschen dabei zu helfen, das Beste aus ihrer Zeit unter Wasser zu machen und ihr Verst\u00e4ndnis f\u00fcr die faszinierende Sch\u00f6nheit der Unterwasserwelt zu erweitern. Wir arbeiten hart daran, das Tauchen f\u00fcr alle bequemer, angenehmer und sicherer zu machen.<\/p><p>Bei der Entwicklung unserer Mini-Tauchflaschen standen Sicherheit und Komfort im Vordergrund. Sie wurden strengen Qualit\u00e4tstests unterzogen und sind derzeit die idealsten und praktischsten Tauchflaschen auf dem Markt. Sie sind leicht, kompakt, einfach zu transportieren und zu lagern und erf\u00fcllen die Anforderungen von Tauchern aller Leistungsstufen. Wir sind bestrebt, Tauchern die bestm\u00f6gliche Erfahrung zu bieten, egal ob sie die Tiefen des Ozeans erforschen, die Wunder der Unterwasserwelt genie\u00dfen oder einfach nur zum Vergn\u00fcgen tauchen.<\/p><p>Mit SMACO k\u00f6nnen Sie das Beste aus Ihrer Zeit unter Wasser machen.<\/p><p>SMACO hat sich der Entwicklung von Produkten f\u00fcr die Brandbek\u00e4mpfung und den Outdoor-Sport verschrieben und bietet Berufs- und Freizeittauchern die zuverl\u00e4ssigsten, effizientesten und kosteng\u00fcnstigsten L\u00f6sungen, um die Wunder der Unterwasserwelt zu erkunden und zu genie\u00dfen.<\/p><p>Aber SMACO ist mehr als nur ein Lieferant von hochwertigen Produkten. Wir streben danach, das Tauchen f\u00fcr jeden angenehmer zu machen. Unsere Mission ist es, Menschen dabei zu helfen, der Natur n\u00e4her zu kommen, das Leben zu erleben und den Nervenkitzel der Unterwasserwelt zu genie\u00dfen. Mit SMACO sind die M\u00f6glichkeiten endlos.<\/p><h4>smacodive.de ist der Flaggschiff-Onlineshop eines Produktionsstandortes in Shenzhen, China, der auf den europ\u00e4ischen Markt ausgerichtet ist. Um unseren Kunden einen besseren Service zu bieten, wird jede Bestellung einer strengen Pr\u00fcfung unterzogen. Um eine prompte Lieferung zu gew\u00e4hrleisten, werden unsere Produkte von europ\u00e4ischen Lagern aus verschickt. Dar\u00fcber hinaus bieten wir ein gut etabliertes Agentensystem und suchen aktiv die Zusammenarbeit mit Online- und Offline-Agenten.<\/h4><h4>UK Unternehmen: DIVECO INNOVATIONS LIMITED<\/h4><div><h4>UK Adresse des Unternehmens:<br \/>Blackett Street<br \/>Piccadilly Business Centre Einheit C, Aldow Enterprise Park<br \/>Manchester<br \/>M12 6AE<\/h4><h4>Chinesisches Unternehmen: shen zhen hua cheng technology CO, Ltd<br \/>Chinesische Firmenadresse:<br \/>Rong Xing building 301-20B5 1007BanGangXue RD Longhua New District Shenzhen GuangDong, China<\/h4><\/div><div>\u00a0<\/div>\t\t\t\t\t\t\t\t<\/div>\n\t\t\t\t<\/div>\n\t\t\t\t\t<\/div>\n\t\t<\/div>\n\t\t\t\t\t<\/div>\n\t\t<\/section>\n\t\t\t\t<\/div>","protected":false},"excerpt":{"rendered":"<p>Unsere Geschichte SMACO ist eine Geschichte der Leidenschaft, des Engagements und der Innovation. Alles begann mit einem kleinen Team leidenschaftlicher und erfahrener Rettungs- und Sicherheitsexperten...<\/p>","protected":false},"author":1,"featured_media":0,"parent":0,"menu_order":0,"comment_status":"closed","ping_status":"closed","template":"","meta":{"footnotes":""},"class_list":["post-33","page","type-page","status-publish","hentry"],"_links":{"self":[{"href":"https:\/\/smacodive.de\/de\/wp-json\/wp\/v2\/pages\/33","targetHints":{"allow":["GET"]}}],"collection":[{"href":"https:\/\/smacodive.de\/de\/wp-json\/wp\/v2\/pages"}],"about":[{"href":"https:\/\/smacodive.de\/de\/wp-json\/wp\/v2\/types\/page"}],"author":[{"embeddable":true,"href":"https:\/\/smacodive.de\/de\/wp-json\/wp\/v2\/users\/1"}],"replies":[{"embeddable":true,"href":"https:\/\/smacodive.de\/de\/wp-json\/wp\/v2\/comments?post=33"}],"version-history":[{"count":13,"href":"https:\/\/smacodive.de\/de\/wp-json\/wp\/v2\/pages\/33\/revisions"}],"predecessor-version":[{"id":3327,"href":"https:\/\/smacodive.de\/de\/wp-json\/wp\/v2\/pages\/33\/revisions\/3327"}],"wp:attachment":[{"href":"https:\/\/smacodive.de\/de\/wp-json\/wp\/v2\/media?parent=33"}],"curies":[{"name":"wp","href":"https:\/\/api.w.org\/{rel}","templated":true}]}}