{"id":2466,"date":"2023-12-13T16:15:06","date_gmt":"2023-12-13T08:15:06","guid":{"rendered":"https:\/\/smacodive.de\/?page_id=2466"},"modified":"2023-12-15T11:05:07","modified_gmt":"2023-12-15T03:05:07","slug":"schifffahrtspolitik","status":"publish","type":"page","link":"https:\/\/smacodive.de\/de\/schifffahrtspolitik\/","title":{"rendered":"Versandpolitik"},"content":{"rendered":"<div data-elementor-type=\"wp-page\" data-elementor-id=\"2466\" class=\"elementor elementor-2466\" data-elementor-post-type=\"page\">\n\t\t\t\t\t\t<section class=\"elementor-section elementor-top-section elementor-element elementor-element-ea239bc elementor-section-boxed elementor-section-height-default elementor-section-height-default\" data-id=\"ea239bc\" data-element_type=\"section\">\n\t\t\t\t\t\t<div class=\"elementor-container elementor-column-gap-default\">\n\t\t\t\t\t<div class=\"elementor-column elementor-col-100 elementor-top-column elementor-element elementor-element-2e8d9ea\" data-id=\"2e8d9ea\" data-element_type=\"column\">\n\t\t\t<div class=\"elementor-widget-wrap elementor-element-populated\">\n\t\t\t\t\t\t<div class=\"elementor-element elementor-element-cf76350 elementor-widget elementor-widget-heading\" data-id=\"cf76350\" data-element_type=\"widget\" data-widget_type=\"heading.default\">\n\t\t\t\t<div class=\"elementor-widget-container\">\n\t\t\t\t\t<h2 class=\"elementor-heading-title elementor-size-default\">Versandpolitik<\/h2>\t\t\t\t<\/div>\n\t\t\t\t<\/div>\n\t\t\t\t\t<\/div>\n\t\t<\/div>\n\t\t\t\t\t<\/div>\n\t\t<\/section>\n\t\t\t\t<section class=\"elementor-section elementor-top-section elementor-element elementor-element-9334ce8 elementor-section-boxed elementor-section-height-default elementor-section-height-default\" data-id=\"9334ce8\" data-element_type=\"section\">\n\t\t\t\t\t\t<div class=\"elementor-container elementor-column-gap-default\">\n\t\t\t\t\t<div class=\"elementor-column elementor-col-100 elementor-top-column elementor-element elementor-element-b907de0\" data-id=\"b907de0\" data-element_type=\"column\">\n\t\t\t<div class=\"elementor-widget-wrap elementor-element-populated\">\n\t\t\t\t\t\t<div class=\"elementor-element elementor-element-7703142 elementor-widget-divider--view-line elementor-widget elementor-widget-divider\" data-id=\"7703142\" data-element_type=\"widget\" data-widget_type=\"divider.default\">\n\t\t\t\t<div class=\"elementor-widget-container\">\n\t\t\t\t\t\t\t<div class=\"elementor-divider\">\n\t\t\t<span class=\"elementor-divider-separator\">\n\t\t\t\t\t\t<\/span>\n\t\t<\/div>\n\t\t\t\t\t\t<\/div>\n\t\t\t\t<\/div>\n\t\t\t\t\t<\/div>\n\t\t<\/div>\n\t\t\t\t\t<\/div>\n\t\t<\/section>\n\t\t\t\t<section class=\"elementor-section elementor-top-section elementor-element elementor-element-aa212c4 elementor-section-boxed elementor-section-height-default elementor-section-height-default\" data-id=\"aa212c4\" data-element_type=\"section\">\n\t\t\t\t\t\t<div class=\"elementor-container elementor-column-gap-default\">\n\t\t\t\t\t<div class=\"elementor-column elementor-col-100 elementor-top-column elementor-element elementor-element-32e795b\" data-id=\"32e795b\" data-element_type=\"column\">\n\t\t\t<div class=\"elementor-widget-wrap elementor-element-populated\">\n\t\t\t\t\t\t<div class=\"elementor-element elementor-element-d216a4c elementor-widget elementor-widget-text-editor\" data-id=\"d216a4c\" data-element_type=\"widget\" data-widget_type=\"text-editor.default\">\n\t\t\t\t<div class=\"elementor-widget-container\">\n\t\t\t\t\t\t\t\t\t<p>Vielen Dank, dass Sie Smaco Dive f\u00fcr Ihre Tauchausr\u00fcstung gew\u00e4hlt haben. Wir bem\u00fchen uns, einen reibungslosen und effizienten Versand f\u00fcr unsere Kunden zu gew\u00e4hrleisten. Bitte lesen Sie unsere Versandpolitik unten f\u00fcr weitere Details:<\/p>\n<ul>\n<li><strong>Versanddienste:<\/strong> Alle Pakete werden vorrangig mit UPS\/DHL-Standardversand verschickt. Sollten diese Dienste nicht verf\u00fcgbar sein, werden alternative Express-Kurierdienste genutzt.<\/li>\n<li><strong>Verfolgung:<\/strong> Die Sendungsverfolgungsnummern werden beim Versand mitgeteilt. Die Kunden k\u00f6nnen ihre Bestellungen anhand der angegebenen Kontrollnummern auf den offiziellen Websites von UPS\/DHL verfolgen.<\/li>\n<li><strong>Versandbereich:<\/strong> Ab einem Bestellwert von 139 \u20ac liefern wir kostenlos nach Deutschland, in die Schweiz, nach Ungarn, in das Vereinigte K\u00f6nigreich, nach Irland, Spanien, Italien, Frankreich und in die Tschechische Republik. F\u00fcr andere EU-L\u00e4nder fallen entsprechende Portokosten an.<br><strong>Zeitrahmen f\u00fcr den Versand:<\/strong> Alle Bestellungen werden innerhalb von 3 Werktagen versandt. Bestellungen innerhalb Europas werden voraussichtlich innerhalb von 6-15 Arbeitstagen ausgeliefert, sofern es nicht zu unvorhergesehenen Verz\u00f6gerungen wie Feiertagen oder wetterbedingten Problemen kommt.<\/li>\n<li><strong>Besteuerung:<\/strong> Sendungen nach Deutschland und in die Schweiz sind steuerfrei. Bei Lieferungen in andere EU-L\u00e4nder sind die Kunden selbst f\u00fcr die Zahlung der anfallenden Steuern gem\u00e4\u00df den \u00f6rtlichen Steuervorschriften verantwortlich.<br>Verlorene oder besch\u00e4digte Pakete: F\u00fcr den Fall, dass ein Kunde sein Paket nicht innerhalb des angegebenen Zeitrahmens erh\u00e4lt, kontaktieren Sie uns bitte sofort unter info@smacodive.de mit Ihrer Bestellnummer. Wir werden Ihnen innerhalb von 24 Stunden antworten und Sie bei der Verfolgung Ihres Pakets unterst\u00fctzen. F\u00fcr besch\u00e4digte Waren bei Erhalt (ausgenommen Verpackung) stellen Sie bitte Bilder oder Videos zur Verf\u00fcgung, und wir werden die Artikel kostenlos ersetzen. F\u00fcr weitere Fragen wenden Sie sich bitte an info@smacodive.de.<\/li>\n<li><strong>R\u00fccksendung:<\/strong> Bei qualit\u00e4tsbedingten R\u00fccksendungen \u00fcbernehmen wir die Kosten f\u00fcr die R\u00fccksendung. Bei R\u00fccksendungen aus Gr\u00fcnden, die der Kunde zu verantworten hat, tr\u00e4gt der Kunde die Kosten f\u00fcr die R\u00fccksendung.<\/li>\n<\/ul>\n<p>Wenn Sie weitere Fragen haben oder Hilfe ben\u00f6tigen, z\u00f6gern Sie bitte nicht, uns unter info@smacodive.de zu kontaktieren. Vielen Dank, dass Sie Smaco Dive Ihre Tauchausr\u00fcstung anvertraut haben.<\/p>\t\t\t\t\t\t\t\t<\/div>\n\t\t\t\t<\/div>\n\t\t\t\t\t<\/div>\n\t\t<\/div>\n\t\t\t\t\t<\/div>\n\t\t<\/section>\n\t\t\t\t<\/div>","protected":false},"excerpt":{"rendered":"<p>Versandpolitik Vielen Dank, dass Sie Smaco Dive f\u00fcr Ihre Tauchausr\u00fcstung gew\u00e4hlt haben. Wir bem\u00fchen uns, einen reibungslosen und effizienten Versand f\u00fcr unsere Kunden zu...<\/p>","protected":false},"author":1,"featured_media":0,"parent":0,"menu_order":0,"comment_status":"closed","ping_status":"closed","template":"","meta":{"footnotes":""},"class_list":["post-2466","page","type-page","status-publish","hentry"],"_links":{"self":[{"href":"https:\/\/smacodive.de\/de\/wp-json\/wp\/v2\/pages\/2466","targetHints":{"allow":["GET"]}}],"collection":[{"href":"https:\/\/smacodive.de\/de\/wp-json\/wp\/v2\/pages"}],"about":[{"href":"https:\/\/smacodive.de\/de\/wp-json\/wp\/v2\/types\/page"}],"author":[{"embeddable":true,"href":"https:\/\/smacodive.de\/de\/wp-json\/wp\/v2\/users\/1"}],"replies":[{"embeddable":true,"href":"https:\/\/smacodive.de\/de\/wp-json\/wp\/v2\/comments?post=2466"}],"version-history":[{"count":13,"href":"https:\/\/smacodive.de\/de\/wp-json\/wp\/v2\/pages\/2466\/revisions"}],"predecessor-version":[{"id":2510,"href":"https:\/\/smacodive.de\/de\/wp-json\/wp\/v2\/pages\/2466\/revisions\/2510"}],"wp:attachment":[{"href":"https:\/\/smacodive.de\/de\/wp-json\/wp\/v2\/media?parent=2466"}],"curies":[{"name":"wp","href":"https:\/\/api.w.org\/{rel}","templated":true}]}}